{"id":94,"date":"2022-02-20T00:53:48","date_gmt":"2022-02-19T23:53:48","guid":{"rendered":"https:\/\/www.tropici.dev.cc\/?page_id=94"},"modified":"2022-08-10T23:38:28","modified_gmt":"2022-08-10T21:38:28","slug":"lost","status":"publish","type":"page","link":"https:\/\/barbadosinfo.it\/fr\/voyage-a-barbade\/lost\/","title":{"rendered":"Lost?"},"content":{"rendered":"<p class=\"has-text-align-right\" style=\"text-align: right;\"><strong><em>Un voyage \u00e0 la Barbade<\/em><\/strong><\/p>\r\n<!-- \/wp:post-content -->\r\n\r\n<!-- wp:paragraph -->\r\n\r\n<div id=\"attachment_175\" style=\"width: 301px\" class=\"wp-caption alignleft\"><img loading=\"lazy\" decoding=\"async\" aria-describedby=\"caption-attachment-175\" class=\"wp-image-175\" title=\"North Point Barbados\" src=\"https:\/\/barbadosinfo.it\/wp-content\/uploads\/2022\/02\/North-Point-Barbados.jpg\" alt=\"North Point Barbados\" width=\"291\" height=\"438\" srcset=\"https:\/\/barbadosinfo.it\/wp-content\/uploads\/2022\/02\/North-Point-Barbados.jpg 320w, https:\/\/barbadosinfo.it\/wp-content\/uploads\/2022\/02\/North-Point-Barbados-199x300.jpg 199w, https:\/\/barbadosinfo.it\/wp-content\/uploads\/2022\/02\/North-Point-Barbados-232x350.jpg 232w, https:\/\/barbadosinfo.it\/wp-content\/uploads\/2022\/02\/North-Point-Barbados-100x150.jpg 100w\" sizes=\"auto, (max-width: 291px) 100vw, 291px\" \/><p id=\"caption-attachment-175\" class=\"wp-caption-text\">North Point \u2013 Barbade | Photo par <a href=\"https:\/\/www.facebook.com\/Il-Gatto-Viaggiatore-104501031660557\"> P.L. Paolini<\/a><\/p><\/div>\r\n<p style=\"text-align: left;\"><em><strong>Lost?<\/strong> <\/em>&nbsp; Nous nous attendions \u00e0 tout, sauf \u00e0 ce qu&rsquo;il soit si facile de perdre ses rep\u00e8res \u00e0 <em>la Barbade<\/em>. Nous sommes dans les <em>Cara\u00efbes<\/em>, pas dans la jungle ou dans un d\u00e9sert. Pour la \u00e9ni\u00e8me fois, nous baissons la vitre et demandons notre chemin.<em> C&rsquo;est le chemin de la for\u00eat des fleurs ?<\/em> Un sourire s&rsquo;\u00e9tend sur le beau visage \u00e0 la peau sombre : <em>follow<\/em>. Lorsqu&rsquo;ils le peuvent, les <em>Bajans<\/em> vous accompagnent jusqu&rsquo;\u00e0 votre destination. Ce sont des gens incroyablement ouverts et amicaux. Et pour eux, la h\u00e2te est un concept inconnu.<\/p>\r\n&nbsp;\r\n\r\n<!-- \/wp:paragraph -->\r\n\r\n<!-- wp:paragraph -->\r\n\r\n<strong><em>&nbsp;<\/em><\/strong><img loading=\"lazy\" decoding=\"async\" class=\"alignnone size-full wp-image-199\" src=\"https:\/\/barbadosinfo.it\/wp-content\/uploads\/2022\/02\/frecciarossabig.png\" alt=\"\" width=\"50\" height=\"50\" \/><a href=\"https:\/\/www.barbadosinfo.it\/fr\/voyage-a-barbade\/jardin-tropical\/\"><strong><em> Jardins tropicaux<\/em><\/strong><\/a><a href=\"https:\/\/barbadosinfo.it\/viaggio-a-barbados\/giardini-tropicali\/\"> &#8230;<\/a>\r\n\r\n<!-- \/wp:paragraph -->","protected":false},"excerpt":{"rendered":"<p>Un voyage &agrave; la Barbade North Point &ndash; Barbade | Photo par P.L. Paolini Lost? &nbsp; Nous nous attendions &agrave; tout, sauf &agrave; ce qu&rsquo;il soit si facile de perdre ses rep&egrave;res &agrave; la Barbade. Nous sommes dans les Cara&iuml;bes, pas dans la jungle ou dans un d&eacute;sert. Pour la&#8230; <a class=\"continue-reading-link\" href=\"https:\/\/barbadosinfo.it\/fr\/voyage-a-barbade\/lost\/\">Continue reading<\/a><\/p>\n","protected":false},"author":1,"featured_media":0,"parent":21,"menu_order":0,"comment_status":"closed","ping_status":"closed","template":"","meta":{"footnotes":""},"class_list":["post-94","page","type-page","status-publish","hentry"],"_links":{"self":[{"href":"https:\/\/barbadosinfo.it\/fr\/wp-json\/wp\/v2\/pages\/94","targetHints":{"allow":["GET"]}}],"collection":[{"href":"https:\/\/barbadosinfo.it\/fr\/wp-json\/wp\/v2\/pages"}],"about":[{"href":"https:\/\/barbadosinfo.it\/fr\/wp-json\/wp\/v2\/types\/page"}],"author":[{"embeddable":true,"href":"https:\/\/barbadosinfo.it\/fr\/wp-json\/wp\/v2\/users\/1"}],"replies":[{"embeddable":true,"href":"https:\/\/barbadosinfo.it\/fr\/wp-json\/wp\/v2\/comments?post=94"}],"version-history":[{"count":2,"href":"https:\/\/barbadosinfo.it\/fr\/wp-json\/wp\/v2\/pages\/94\/revisions"}],"predecessor-version":[{"id":581,"href":"https:\/\/barbadosinfo.it\/fr\/wp-json\/wp\/v2\/pages\/94\/revisions\/581"}],"up":[{"embeddable":true,"href":"https:\/\/barbadosinfo.it\/fr\/wp-json\/wp\/v2\/pages\/21"}],"wp:attachment":[{"href":"https:\/\/barbadosinfo.it\/fr\/wp-json\/wp\/v2\/media?parent=94"}],"curies":[{"name":"wp","href":"https:\/\/api.w.org\/{rel}","templated":true}]}}