{"id":5,"date":"2022-02-19T10:28:46","date_gmt":"2022-02-19T09:28:46","guid":{"rendered":"https:\/\/www.tropici.dev.cc\/?page_id=5"},"modified":"2022-08-20T06:23:21","modified_gmt":"2022-08-20T04:23:21","slug":"barbados","status":"publish","type":"page","link":"https:\/\/barbadosinfo.it\/fr\/","title":{"rendered":"Barbados"},"content":{"rendered":"&nbsp;\r\n\r\n<em>Whooo, I&rsquo;m going to Barbados!<\/em> Dans un air des ann\u00e9es 1970, un improbable capitaine Wilcock accueille \u00e0 bord du vol 371 de Coconut Airways ; <em>back to the palm trees&#8230;in the sunny Caribbean sea<\/em>, poursuit le refrain. Une de ces chansonnettes qui sentent bon les tropiques. En effet, la vie \u00e0 <strong>la Barbade<\/strong> est fluide : l&rsquo;\u00eele poss\u00e8de l&rsquo;une des \u00e9conomies les plus prosp\u00e8res de la r\u00e9gion et une stabilit\u00e9 politique et sociale \u00e0 faire p\u00e2lir d&rsquo;envie de nombreux autres pays des Cara\u00efbes.\r\n\r\n<!-- \/wp:post-content -->\r\n\r\n<!-- wp:paragraph \/-->\r\n\r\n<!-- wp:image {\"width\":576,\"height\":382} -->\r\n<figure class=\"wp-block-image is-resized\"><\/figure>\r\n<!-- \/wp:image -->\r\n\r\n<!-- wp:paragraph -->\r\n\r\n<div id=\"attachment_311\" style=\"width: 653px\" class=\"wp-caption aligncenter\"><a href=\"https:\/\/barbadosinfo.it\/wp-content\/uploads\/2022\/03\/BARBADOSMAPBIG.jpg\" target=\"_blank\" rel=\"noopener noreferrer\"><img loading=\"lazy\" decoding=\"async\" aria-describedby=\"caption-attachment-311\" class=\"size-full wp-image-311\" src=\"https:\/\/barbadosinfo.it\/wp-content\/uploads\/2022\/03\/MAPPA-PICCOLA.jpg\" alt=\"Mappa Barbados Caraibi\" width=\"643\" height=\"250\" srcset=\"https:\/\/barbadosinfo.it\/wp-content\/uploads\/2022\/03\/MAPPA-PICCOLA.jpg 643w, https:\/\/barbadosinfo.it\/wp-content\/uploads\/2022\/03\/MAPPA-PICCOLA-300x117.jpg 300w, https:\/\/barbadosinfo.it\/wp-content\/uploads\/2022\/03\/MAPPA-PICCOLA-150x58.jpg 150w\" sizes=\"auto, (max-width: 643px) 100vw, 643px\" \/><\/a><p id=\"caption-attachment-311\" class=\"wp-caption-text\">Carte Barbade Cara\u00efbes \u00a9 Contributeurs OpenStreetMap ( CC BY-SA 2.0 ) Cliquez pour agrandir<\/p><\/div>\r\n\r\n<strong>La Barbade<\/strong> \u00e9merge de la mer \u00e0 160 km \u00e0 l&rsquo;est de l&rsquo;arc insulaire form\u00e9 par les Petites Antilles, o\u00f9 se terminent les Cara\u00efbes et o\u00f9 commence l&rsquo;Atlantique. Contrairement \u00e0 la plupart de ses s\u0153urs des Cara\u00efbes, il s&rsquo;agit d&rsquo;une \u00eele presque enti\u00e8rement plate d&rsquo;origine corallienne.\r\nLa c\u00f4te est est une longue terrasse surplombant l&rsquo;oc\u00e9an. Il n&rsquo;y a pas de terre entre ici et l&rsquo;Afrique, et les vagues, apr\u00e8s un parcours de milliers de kilom\u00e8tres, s&rsquo;\u00e9crasent majestueusement sur le rivage, effritant les falaises et fa\u00e7onnant de magnifiques plages, souvent d\u00e9sertes. Un seul nom \u00e9voque ce paysage : Bathsheba, le royaume des surfeurs, car c&rsquo;est ici que se forment les meilleures vagues des <em>Cara\u00efbes<\/em>\r\n\r\n<div id=\"attachment_309\" style=\"width: 650px\" class=\"wp-caption aligncenter\"><img loading=\"lazy\" decoding=\"async\" aria-describedby=\"caption-attachment-309\" class=\"size-full wp-image-309\" src=\"https:\/\/barbadosinfo.it\/wp-content\/uploads\/2022\/03\/Barbados-Bathsheba-Surf-Friends-FC007-small.jpg\" alt=\"Bathsheba, Surfisti, Barbados\" width=\"640\" height=\"427\" srcset=\"https:\/\/barbadosinfo.it\/wp-content\/uploads\/2022\/03\/Barbados-Bathsheba-Surf-Friends-FC007-small.jpg 640w, https:\/\/barbadosinfo.it\/wp-content\/uploads\/2022\/03\/Barbados-Bathsheba-Surf-Friends-FC007-small-300x200.jpg 300w, https:\/\/barbadosinfo.it\/wp-content\/uploads\/2022\/03\/Barbados-Bathsheba-Surf-Friends-FC007-small-525x350.jpg 525w, https:\/\/barbadosinfo.it\/wp-content\/uploads\/2022\/03\/Barbados-Bathsheba-Surf-Friends-FC007-small-150x100.jpg 150w\" sizes=\"auto, (max-width: 640px) 100vw, 640px\" \/><p id=\"caption-attachment-309\" class=\"wp-caption-text\"><br \/>Bathsheba, Surfers, Barbade Photo par <a href=\"https:\/\/corporate.visitbarbados.org\/\">Barbados Tourism Marketing Inc<br \/><\/a> de <a href=\"https:\/\/www.visitbarbados.org\/\">Visit Barbados<\/a><\/p><\/div>\r\n\r\nLe long des routes \u00e9troites qui grimpent les collines bordant le littoral, de petites maisons en bois aux fa\u00e7ades criardes, aux sculptures sur les porches et aux plinthes creuses pour laisser passer l&rsquo;air, surgissent ici et l\u00e0 ; l\u00e0 o\u00f9 la v\u00e9g\u00e9tation est un peu moins exub\u00e9rante, s&rsquo;ouvrent des panoramas sauvages, presque poignants. Il y a peu de touristes sur la c\u00f4te atlantique de la Barbade ; on vient ici juste pour voir le spectacle, puis on repart de l&rsquo;autre c\u00f4t\u00e9.\r\n\r\nC\u00f4t\u00e9 oppos\u00e9, sc\u00e9nario inverse : la mer a rencontr\u00e9 le r\u00e9cif avant de clapoter, cette fois avec une vague douce, les plages pleines de touristes allong\u00e9s au soleil. Le sable blanc et fin comme du talc, la mer aux mille nuances de turquoise et les couchers de soleil enflamm\u00e9s sont les ingr\u00e9dients des vacances tropicales que ce c\u00f4t\u00e9 de l&rsquo;\u00eele ne manque pas. Tout cela est toutefois assaisonn\u00e9 par l&rsquo;urbanisation excessive de la c\u00f4te, qui n&rsquo;a laiss\u00e9 que tr\u00e8s peu d&rsquo;espaces sans b\u00e9ton.\r\n\r\n<!-- \/wp:paragraph -->\r\n\r\n<!-- wp:paragraph \/-->\r\n\r\n<!-- wp:image {\"width\":579,\"height\":386} -->\r\n<figure class=\"wp-block-image is-resized\"><\/figure>\r\n<!-- \/wp:image -->\r\n\r\n<!-- wp:paragraph -->\r\n\r\n<div id=\"attachment_307\" style=\"width: 650px\" class=\"wp-caption aligncenter\"><img loading=\"lazy\" decoding=\"async\" aria-describedby=\"caption-attachment-307\" class=\"size-full wp-image-307\" src=\"https:\/\/barbadosinfo.it\/wp-content\/uploads\/2022\/03\/Spiaggia-Barbados.jpg\" alt=\"Spiaggia Barbados\" width=\"640\" height=\"359\" srcset=\"https:\/\/barbadosinfo.it\/wp-content\/uploads\/2022\/03\/Spiaggia-Barbados.jpg 640w, https:\/\/barbadosinfo.it\/wp-content\/uploads\/2022\/03\/Spiaggia-Barbados-300x168.jpg 300w, https:\/\/barbadosinfo.it\/wp-content\/uploads\/2022\/03\/Spiaggia-Barbados-624x350.jpg 624w, https:\/\/barbadosinfo.it\/wp-content\/uploads\/2022\/03\/Spiaggia-Barbados-150x84.jpg 150w\" sizes=\"auto, (max-width: 640px) 100vw, 640px\" \/><p id=\"caption-attachment-307\" class=\"wp-caption-text\">Plage de la Barbade Photos de <a href=\"https:\/\/pixabay.com\/it\/users\/gromine-3435144\/?utm_source=link-attribution&amp;utm_medium=referral&amp;utm_campaign=image&amp;utm_content=1716808\">gromine<\/a> de <a href=\"https:\/\/pixabay.com\/it\/?utm_source=link-attribution&amp;utm_medium=referral&amp;utm_campaign=image&amp;utm_content=1716808\">Pixabay<\/a><\/p><\/div>\r\n\r\nUne ligne ininterrompue d&rsquo;h\u00f4tels multi\u00e9toiles, de r\u00e9sidences tape-\u00e0-l&rsquo;\u0153il et de villas de plusieurs millions de dollars, qui se profilent derri\u00e8re des entr\u00e9es surveill\u00e9es, cache la vue de la mer \u00e0 ceux qui voyagent le long du littoral. En contrepartie, les touristes peuvent avoir tout \u00e0 port\u00e9e de main, d&rsquo;excellentes installations, des boutiques de cr\u00e9ateurs, des centres sportifs et des restaurants o\u00f9, surtout le soir, un <em>code vestimentaire strict<\/em> s&rsquo;applique.\r\n\r\n<div id=\"attachment_300\" style=\"width: 650px\" class=\"wp-caption aligncenter\"><img loading=\"lazy\" decoding=\"async\" aria-describedby=\"caption-attachment-300\" class=\"size-full wp-image-300\" src=\"https:\/\/barbadosinfo.it\/wp-content\/uploads\/2022\/03\/ST-PETERS-BAY-SEP-2014-VIEW-FROM-TOP-FLOOR-LOOKING-NORTH-PANO-small.jpg\" alt=\"St Peter Bay Barbados\" width=\"640\" height=\"327\" srcset=\"https:\/\/barbadosinfo.it\/wp-content\/uploads\/2022\/03\/ST-PETERS-BAY-SEP-2014-VIEW-FROM-TOP-FLOOR-LOOKING-NORTH-PANO-small.jpg 640w, https:\/\/barbadosinfo.it\/wp-content\/uploads\/2022\/03\/ST-PETERS-BAY-SEP-2014-VIEW-FROM-TOP-FLOOR-LOOKING-NORTH-PANO-small-300x153.jpg 300w, https:\/\/barbadosinfo.it\/wp-content\/uploads\/2022\/03\/ST-PETERS-BAY-SEP-2014-VIEW-FROM-TOP-FLOOR-LOOKING-NORTH-PANO-small-150x77.jpg 150w\" sizes=\"auto, (max-width: 640px) 100vw, 640px\" \/><p id=\"caption-attachment-300\" class=\"wp-caption-text\">St Peter Bay Barbados Photo par <a href=\"https:\/\/corporate.visitbarbados.org\/\">Barbados Tourism Marketing Inc<br \/><\/a> de <a href=\"https:\/\/www.visitbarbados.org\/\">Visit Barbados<\/a><\/p><\/div>\r\n\r\n<!-- \/wp:paragraph --><!-- wp:paragraph -->\r\n\r\n<em>La petite Angleterre des Cara\u00efbes<\/em>, c&rsquo;est ainsi qu&rsquo;on appelle <strong>la Barbade<\/strong>. Mais ne soyez pas trop confiant. Le style de vie des <em>Bajans<\/em> est tr\u00e8s peu <em>british<\/em> et l&rsquo;atmosph\u00e8re est r\u00e9solument <em>afro-carib\u00e9enne.<\/em>\r\nIl est vrai que la couronne britannique a r\u00e9gn\u00e9 sur ces terres pendant trois cents ann\u00e9es cons\u00e9cutives et qu&rsquo;il fallait laisser derri\u00e8re soi quelques traces de sa pr\u00e9sence encombrante.\r\n\r\n<!-- \/wp:paragraph -->\r\n\r\n<!-- wp:paragraph -->\r\n\r\nDans le centre de <em>Bridgetown<\/em>, par exemple, il y a une petite ville dans une ville qui a r\u00e9cemment \u00e9t\u00e9 reconnue par l&rsquo;Unesco comme un site du patrimoine mondial : le <em>Historic Bridgetown and its Garrison<\/em>. Il s&rsquo;agit d&rsquo;une zone qui comprend le vieux centre ville, ses b\u00e2timents historiques et sa tour datant du XVIIe si\u00e8cle, ainsi que l&rsquo;ancienne garnison militaire, avec ses canons point\u00e9s vers la mer. La fiert\u00e9 britannique d\u00e9borde de tous les pores.\r\n\r\n<!-- \/wp:paragraph -->\r\n\r\n<!-- wp:paragraph -->\r\n\r\n<div id=\"attachment_302\" style=\"width: 650px\" class=\"wp-caption aligncenter\"><img loading=\"lazy\" decoding=\"async\" aria-describedby=\"caption-attachment-302\" class=\"size-full wp-image-302\" src=\"https:\/\/barbadosinfo.it\/wp-content\/uploads\/2022\/03\/MUTUAL-BUILDING-small.jpg\" alt=\"Mutual Building Bridgetown Barbados\" width=\"640\" height=\"415\" srcset=\"https:\/\/barbadosinfo.it\/wp-content\/uploads\/2022\/03\/MUTUAL-BUILDING-small.jpg 640w, https:\/\/barbadosinfo.it\/wp-content\/uploads\/2022\/03\/MUTUAL-BUILDING-small-300x195.jpg 300w, https:\/\/barbadosinfo.it\/wp-content\/uploads\/2022\/03\/MUTUAL-BUILDING-small-540x350.jpg 540w, https:\/\/barbadosinfo.it\/wp-content\/uploads\/2022\/03\/MUTUAL-BUILDING-small-150x97.jpg 150w\" sizes=\"auto, (max-width: 640px) 100vw, 640px\" \/><p id=\"caption-attachment-302\" class=\"wp-caption-text\">B\u00e2timent mutuel Bridgetown Barbados Photo par <a href=\"https:\/\/corporate.visitbarbados.org\/\">Barbados Tourism Marketing Inc<br \/><\/a> de <a href=\"https:\/\/www.visitbarbados.org\/\">Visit Barbados<\/a><\/p><\/div>\r\n\r\n<!-- \/wp:paragraph --><!-- wp:image {\"width\":575,\"height\":374} -->\r\n<figure class=\"wp-block-image is-resized\"><\/figure>\r\n<!-- \/wp:image -->\r\n\r\n<!-- wp:paragraph -->\r\n\r\n<strong>La Barbade<\/strong> \u00e9tait l&rsquo;avant-poste atlantique d&rsquo;un empire colonial qui s&rsquo;\u00e9tendait des possessions des Cara\u00efbes, les Antilles, aux colonies am\u00e9ricaines, puis s&rsquo;est \u00e9tendu avec l&rsquo;annexion de nombreuses terres asiatiques.\r\nLes navires britanniques ont pris sans peine possession de l&rsquo;\u00eele, qui avait \u00e9t\u00e9 ignor\u00e9e, peut-\u00eatre en raison de sa situation g\u00e9ographique, par les explorateurs portugais ; quelques d\u00e9cennies plus tard, ce territoire sans montagne et baign\u00e9 de soleil \u00e9tait enti\u00e8rement tapiss\u00e9 de champs de canne \u00e0 sucre et parsem\u00e9 de centaines de moulins.\r\nGr\u00e2ce au sucre et \u00e0 une arm\u00e9e d&rsquo;esclaves tra\u00een\u00e9s ici encha\u00een\u00e9s par des marchands anglais, <strong>la Barbade<\/strong> est devenue l&rsquo;une des \u00eeles les plus puissantes des <em>Cara\u00efbes<\/em> entre le XVIIe et le XIXe si\u00e8cle. Le port prosp\u00e8re de <em>Speightstown<\/em> assurait la liaison avec <em>Bristol<\/em>. Aujourd&rsquo;hui, cette ville endormie \u00e0 l&rsquo;aspect tropical ne se souvient presque plus de son riche pass\u00e9, mais est peut-\u00eatre l&rsquo;un des endroits les plus agr\u00e9ables de l&rsquo;\u00eele.\r\n\r\n<!-- \/wp:paragraph -->\r\n\r\n<!-- wp:paragraph -->\r\n\r\nLorsque l&rsquo;\u00e2ge d&rsquo;or a pris fin avec l&rsquo;abolition de l&rsquo;esclavage, <strong>la Barbade<\/strong> n&rsquo;a jamais cess\u00e9 de produire du sucre. Elle n&rsquo;a jamais non plus cess\u00e9 de produire son <strong>rhum<\/strong>, consid\u00e9r\u00e9 par de nombreux connaisseurs comme le meilleur du monde.\r\nUne visite des distilleries est, comme on dit, un <em>must<\/em>.\r\n\r\n<div id=\"attachment_305\" style=\"width: 650px\" class=\"wp-caption aligncenter\"><img loading=\"lazy\" decoding=\"async\" aria-describedby=\"caption-attachment-305\" class=\"size-full wp-image-305\" src=\"https:\/\/barbadosinfo.it\/wp-content\/uploads\/2022\/03\/abbey.jpg\" alt=\"St. Nicholas Abbey\" width=\"640\" height=\"425\" srcset=\"https:\/\/barbadosinfo.it\/wp-content\/uploads\/2022\/03\/abbey.jpg 640w, https:\/\/barbadosinfo.it\/wp-content\/uploads\/2022\/03\/abbey-300x199.jpg 300w, https:\/\/barbadosinfo.it\/wp-content\/uploads\/2022\/03\/abbey-527x350.jpg 527w, https:\/\/barbadosinfo.it\/wp-content\/uploads\/2022\/03\/abbey-150x100.jpg 150w\" sizes=\"auto, (max-width: 640px) 100vw, 640px\" \/><p id=\"caption-attachment-305\" class=\"wp-caption-text\">St. Nicholas Abbey Photo par <a href=\"https:\/\/www.facebook.com\/Il-Gatto-Viaggiatore-104501031660557\"> P.L. Paolini<\/a><\/p><\/div>\r\n\r\n<!-- \/wp:paragraph --><!-- wp:image {\"width\":583,\"height\":365} -->\r\n<figure class=\"wp-block-image is-resized\"><\/figure>\r\n<!-- \/wp:image -->\r\n\r\n<!-- wp:paragraph -->\r\n\r\nCommencez par les collines de <em>St. Nicholas Abbey<\/em>, une plantation toujours en activit\u00e9 qui utilise des m\u00e9thodes traditionnelles pour produire de petites quantit\u00e9s de rhum fin des Cara\u00efbes. Le manoir parfaitement restaur\u00e9 datant de 1658, avec son mobilier d&rsquo;origine et ses magnifiques jardins, est un lieu enchant\u00e9, un monde \u00e0 part qui fait oublier les pages sombres de l&rsquo;histoire li\u00e9es \u00e0 l&rsquo;\u00e9poque coloniale.\r\nLa visite des distilleries de<strong> la Barbade<\/strong> s&rsquo;ach\u00e8ve triomphalement dans les salles de distillation de <em>Mount Gay<\/em>, une entreprise vieille de plus de trois cents ans qui produit du rhum export\u00e9 dans le monde entier. C&rsquo;est l&rsquo;une des \u00e9tiquettes les plus populaires, m\u00eame \u00e0 <strong>la Barbade<\/strong>, o\u00f9 l&rsquo;on consomme beaucoup de rhum. Mais ce n&rsquo;est pas le seul ; pour se rendre compte de l&rsquo;\u00e9tendue du choix, il suffit d&rsquo;entrer dans un r<em>um shop<\/em>.\r\n\r\n<div id=\"attachment_306\" style=\"width: 650px\" class=\"wp-caption aligncenter\"><img loading=\"lazy\" decoding=\"async\" aria-describedby=\"caption-attachment-306\" class=\"size-full wp-image-306\" src=\"https:\/\/barbadosinfo.it\/wp-content\/uploads\/2022\/03\/Barbados-Reeds-Beach-John-Moore-Bar-FC002-small.jpg\" alt=\"Reeds Beach, John-Moore-Bar, Barbados\" width=\"640\" height=\"427\" srcset=\"https:\/\/barbadosinfo.it\/wp-content\/uploads\/2022\/03\/Barbados-Reeds-Beach-John-Moore-Bar-FC002-small.jpg 640w, https:\/\/barbadosinfo.it\/wp-content\/uploads\/2022\/03\/Barbados-Reeds-Beach-John-Moore-Bar-FC002-small-300x200.jpg 300w, https:\/\/barbadosinfo.it\/wp-content\/uploads\/2022\/03\/Barbados-Reeds-Beach-John-Moore-Bar-FC002-small-525x350.jpg 525w, https:\/\/barbadosinfo.it\/wp-content\/uploads\/2022\/03\/Barbados-Reeds-Beach-John-Moore-Bar-FC002-small-150x100.jpg 150w\" sizes=\"auto, (max-width: 640px) 100vw, 640px\" \/><p id=\"caption-attachment-306\" class=\"wp-caption-text\">Reeds Beach, John-Moore-Bar, Barbade Photo par <a href=\"https:\/\/corporate.visitbarbados.org\/\">Barbados Tourism Marketing Inc<br \/><\/a> da <a href=\"https:\/\/www.visitbarbados.org\/\">Visit Barbados<\/a><\/p><\/div>\r\n\r\n<!-- \/wp:paragraph --><!-- wp:paragraph -->\r\n\r\nLes <em>rum shop<\/em> sont des lieux qui se situent entre le bar et l&rsquo;\u00e9picerie du village et qui se divisent en deux cat\u00e9gories, rustique et tr\u00e8s rustique. Ici, il y a toujours quelqu&rsquo;un qui prend un verre, discute et joue aux dominos avec des amis ou regarde un match de cricket \u00e0 la t\u00e9l\u00e9vision. Le <em>rum shop<\/em> est au moins autant une institution sur l&rsquo;<strong>\u00eele de la Barbade<\/strong> que le <strong>rhum<\/strong>. Mais ne venez pas ici pour demander un <em>rum punch<\/em>, avec paille et parasol color\u00e9. C&rsquo;est un truc de la c\u00f4te ouest.\r\n\r\n&nbsp;\r\n<p style=\"text-align: right;\"><a href=\"https:\/\/barbadosinfo.it\/come-andare\/\">COMMENT ALLER \u25ba<\/a><\/p>\r\n<!-- \/wp:paragraph -->","protected":false},"excerpt":{"rendered":"<p>La Barbade \u00e9merge de la mer \u00e0 160 km \u00e0 l&rsquo;est de l&rsquo;arc insulaire form\u00e9 par les Petites Antilles, o\u00f9 se terminent les Cara\u00efbes et o\u00f9 commence l&rsquo;Atlantique. Contrairement \u00e0 la plupart de ses s\u0153urs des Cara\u00efbes, il s&rsquo;agit d&rsquo;une \u00eele presque enti\u00e8rement plate d&rsquo;origine corallienne.<br \/>\nLa c\u00f4te est est une longue terrasse surplombant l&rsquo;oc\u00e9an. <a class=\"continue-reading-link\" href=\"https:\/\/barbadosinfo.it\/fr\/\">Continue reading<\/a><\/p>\n","protected":false},"author":1,"featured_media":309,"parent":0,"menu_order":0,"comment_status":"closed","ping_status":"closed","template":"","meta":{"footnotes":""},"class_list":["post-5","page","type-page","status-publish","has-post-thumbnail","hentry"],"_links":{"self":[{"href":"https:\/\/barbadosinfo.it\/fr\/wp-json\/wp\/v2\/pages\/5","targetHints":{"allow":["GET"]}}],"collection":[{"href":"https:\/\/barbadosinfo.it\/fr\/wp-json\/wp\/v2\/pages"}],"about":[{"href":"https:\/\/barbadosinfo.it\/fr\/wp-json\/wp\/v2\/types\/page"}],"author":[{"embeddable":true,"href":"https:\/\/barbadosinfo.it\/fr\/wp-json\/wp\/v2\/users\/1"}],"replies":[{"embeddable":true,"href":"https:\/\/barbadosinfo.it\/fr\/wp-json\/wp\/v2\/comments?post=5"}],"version-history":[{"count":2,"href":"https:\/\/barbadosinfo.it\/fr\/wp-json\/wp\/v2\/pages\/5\/revisions"}],"predecessor-version":[{"id":570,"href":"https:\/\/barbadosinfo.it\/fr\/wp-json\/wp\/v2\/pages\/5\/revisions\/570"}],"wp:featuredmedia":[{"embeddable":true,"href":"https:\/\/barbadosinfo.it\/fr\/wp-json\/wp\/v2\/media\/309"}],"wp:attachment":[{"href":"https:\/\/barbadosinfo.it\/fr\/wp-json\/wp\/v2\/media?parent=5"}],"curies":[{"name":"wp","href":"https:\/\/api.w.org\/{rel}","templated":true}]}}