{"id":49,"date":"2022-02-19T23:45:47","date_gmt":"2022-02-19T22:45:47","guid":{"rendered":"https:\/\/www.tropici.dev.cc\/?page_id=49"},"modified":"2022-08-10T23:30:11","modified_gmt":"2022-08-10T21:30:11","slug":"fishermans-pub","status":"publish","type":"page","link":"https:\/\/barbadosinfo.it\/fr\/voyage-a-barbade\/fishermans-pub\/","title":{"rendered":"Fisherman's Pub"},"content":{"rendered":"<p class=\"has-text-align-right\" style=\"text-align: right;\"><strong><em>Un voyage \u00e0 la Barbade<\/em><\/strong><\/p>\r\n<!-- \/wp:post-content -->\r\n\r\n<!-- wp:paragraph -->\r\n\r\nC&rsquo;est l&rsquo;une de ces journ\u00e9es torrides et grises o\u00f9, assis aux tables du <em>Fisherman&rsquo;s Pub<\/em>, nous assistons involontairement au s.o.s. lanc\u00e9 \u00e0 la t\u00e9l\u00e9vision nationale par <em>Clement Armstrong<\/em>, qui, depuis quarante ans, dirige avec passion ce qui est peut-\u00eatre le pub le plus agr\u00e9able de la ville. Coup\u00e9e des circuits touristiques organis\u00e9s, <strong>Speightstown<\/strong> est tomb\u00e9e dans une profonde r\u00e9cession et plusieurs petits commerces ont d\u00fb fermer ; le risque est que la ville historique se d\u00e9peuple progressivement. Et dire qu&rsquo;on aime \u00e7a comme \u00e7a. \u00c0 quelques kilom\u00e8tres au nord, des travaux sont en cours sur les chantiers navals de <em>Port Ferdinand<\/em>, une nouvelle marina, peut-\u00eatre &#8230;\r\n\r\n<div id=\"attachment_259\" style=\"width: 650px\" class=\"wp-caption aligncenter\"><img loading=\"lazy\" decoding=\"async\" aria-describedby=\"caption-attachment-259\" class=\"size-full wp-image-259\" src=\"https:\/\/barbadosinfo.it\/wp-content\/uploads\/2022\/02\/Speightstown5-Barbados.jpg\" alt=\"Speightstown Barbados\" width=\"640\" height=\"426\" srcset=\"https:\/\/barbadosinfo.it\/wp-content\/uploads\/2022\/02\/Speightstown5-Barbados.jpg 640w, https:\/\/barbadosinfo.it\/wp-content\/uploads\/2022\/02\/Speightstown5-Barbados-300x200.jpg 300w, https:\/\/barbadosinfo.it\/wp-content\/uploads\/2022\/02\/Speightstown5-Barbados-526x350.jpg 526w, https:\/\/barbadosinfo.it\/wp-content\/uploads\/2022\/02\/Speightstown5-Barbados-150x100.jpg 150w\" sizes=\"auto, (max-width: 640px) 100vw, 640px\" \/><p id=\"caption-attachment-259\" class=\"wp-caption-text\">Speightstown Barbados | Photo par <a href=\"https:\/\/www.facebook.com\/Il-Gatto-Viaggiatore-104501031660557\"> P.L. Paolini<\/a><\/p><\/div>\r\n\r\n<!-- \/wp:paragraph --><!-- wp:paragraph -->\r\n\r\nNous passons devant le comptoir pour commander \u00e0 manger, au<em> Fisherman&rsquo;s pub<\/em> il y a un buffet <em>Bajan<\/em> diff\u00e9rent chaque jour. Le choix se porte sur le <em>poulet au cou-cou<\/em> et aux <em>bananes plantains frites<\/em> mais avant tout sur les <em>fishcakes<\/em>, la version barbadienne des bouff\u00e9es de morue sal\u00e9e croustillantes qu&rsquo;aux Antilles fran\u00e7aises et \u00e0 Trinidad on appelle <em>accra<\/em>, en Jama\u00efque <em>stamp&rsquo;n go<\/em>, \u00e0 Porto Rico et \u00e0 Saint-Domingue <em>bacalaitos<\/em>. C&rsquo;est le snack des Cara\u00efbes, pour accompagner l&rsquo;ap\u00e9ritif. Et comme de bons touristes, nous nous laissons aussi tenter par un <em>rum punch<\/em>..\r\n\r\n<div id=\"attachment_260\" style=\"width: 650px\" class=\"wp-caption aligncenter\"><img loading=\"lazy\" decoding=\"async\" aria-describedby=\"caption-attachment-260\" class=\"size-full wp-image-260\" src=\"https:\/\/barbadosinfo.it\/wp-content\/uploads\/2022\/02\/fishcakes-Barbados.jpg\" alt=\"fishcakes\" width=\"640\" height=\"426\" srcset=\"https:\/\/barbadosinfo.it\/wp-content\/uploads\/2022\/02\/fishcakes-Barbados.jpg 640w, https:\/\/barbadosinfo.it\/wp-content\/uploads\/2022\/02\/fishcakes-Barbados-300x200.jpg 300w, https:\/\/barbadosinfo.it\/wp-content\/uploads\/2022\/02\/fishcakes-Barbados-526x350.jpg 526w, https:\/\/barbadosinfo.it\/wp-content\/uploads\/2022\/02\/fishcakes-Barbados-150x100.jpg 150w\" sizes=\"auto, (max-width: 640px) 100vw, 640px\" \/><p id=\"caption-attachment-260\" class=\"wp-caption-text\">Fishcakes Barbade Photo par <a href=\"https:\/\/pixabay.com\/it\/users\/miyagisama-491779\/?utm_source=link-attribution&amp;utm_medium=referral&amp;utm_campaign=image&amp;utm_content=769238\">Miyagisama<\/a> da <a href=\"https:\/\/pixabay.com\/it\/?utm_source=link-attribution&amp;utm_medium=referral&amp;utm_campaign=image&amp;utm_content=769238\">Pixabay<\/a><\/p><\/div>\r\n\r\n<!-- \/wp:paragraph --><!-- wp:paragraph -->\r\n\r\nCl\u00e9ment s&rsquo;approche de la table : <em>Mercredi soir, le steel band est en concert, vous venez ?<\/em> Il porte toujours des lunettes noires et bouge un peu par \u00e0-coups, comme Ray Charles. Dommage, nous serons \u00e0 10 000 m\u00e8tres au-dessus de l&rsquo;Atlantique \u00e0 ce moment-l\u00e0, sur le chemin du retour. <em>La prochaine fois ?<\/em>\r\n\r\n<!-- \/wp:paragraph -->\r\n\r\n<!-- wp:paragraph -->\r\n\r\n&nbsp;\r\n\r\n<!-- \/wp:paragraph -->\r\n\r\n<!-- wp:paragraph {\"textColor\":\"cyan-bluish-gray\",\"fontSize\":\"small\"} -->\r\n<p class=\"has-text-color has-small-font-size has-cyan-bluish-gray-color\"><strong><em>texte d&rsquo;Elisabetta Balestrieri \u00a9 2012<\/em><\/strong><\/p>\r\n<!-- \/wp:paragraph -->","protected":false},"excerpt":{"rendered":"<p>Un voyage &agrave; la Barbade C&rsquo;est l&rsquo;une de ces journ&eacute;es torrides et grises o&ugrave;, assis aux tables du Fisherman&rsquo;s Pub, nous assistons involontairement au s.o.s. lanc&eacute; &agrave; la t&eacute;l&eacute;vision nationale par Clement Armstrong, qui, depuis quarante ans, dirige avec passion ce qui est peut-&ecirc;tre le pub le plus agr&eacute;able de&#8230; <a class=\"continue-reading-link\" href=\"https:\/\/barbadosinfo.it\/fr\/voyage-a-barbade\/fishermans-pub\/\">Continue reading<\/a><\/p>\n","protected":false},"author":1,"featured_media":0,"parent":21,"menu_order":8,"comment_status":"closed","ping_status":"closed","template":"","meta":{"footnotes":""},"class_list":["post-49","page","type-page","status-publish","hentry"],"_links":{"self":[{"href":"https:\/\/barbadosinfo.it\/fr\/wp-json\/wp\/v2\/pages\/49","targetHints":{"allow":["GET"]}}],"collection":[{"href":"https:\/\/barbadosinfo.it\/fr\/wp-json\/wp\/v2\/pages"}],"about":[{"href":"https:\/\/barbadosinfo.it\/fr\/wp-json\/wp\/v2\/types\/page"}],"author":[{"embeddable":true,"href":"https:\/\/barbadosinfo.it\/fr\/wp-json\/wp\/v2\/users\/1"}],"replies":[{"embeddable":true,"href":"https:\/\/barbadosinfo.it\/fr\/wp-json\/wp\/v2\/comments?post=49"}],"version-history":[{"count":2,"href":"https:\/\/barbadosinfo.it\/fr\/wp-json\/wp\/v2\/pages\/49\/revisions"}],"predecessor-version":[{"id":564,"href":"https:\/\/barbadosinfo.it\/fr\/wp-json\/wp\/v2\/pages\/49\/revisions\/564"}],"up":[{"embeddable":true,"href":"https:\/\/barbadosinfo.it\/fr\/wp-json\/wp\/v2\/pages\/21"}],"wp:attachment":[{"href":"https:\/\/barbadosinfo.it\/fr\/wp-json\/wp\/v2\/media?parent=49"}],"curies":[{"name":"wp","href":"https:\/\/api.w.org\/{rel}","templated":true}]}}