{"id":47,"date":"2022-02-19T23:43:46","date_gmt":"2022-02-19T22:43:46","guid":{"rendered":"https:\/\/www.tropici.dev.cc\/?page_id=47"},"modified":"2022-08-10T23:39:54","modified_gmt":"2022-08-10T21:39:54","slug":"speightstown","status":"publish","type":"page","link":"https:\/\/barbadosinfo.it\/fr\/voyage-a-barbade\/speightstown\/","title":{"rendered":"Speightstown"},"content":{"rendered":"<p class=\"has-text-align-right\" style=\"text-align: right;\"><strong><em>Un voyage \u00e0 la Barbade<\/em><\/strong><\/p>\r\n<!-- \/wp:post-content -->\r\n\r\n<!-- wp:paragraph -->\r\n\r\nSous les arcades de <em>Queen Street<\/em>, trois ou quatre \u00e9tals vendent des patates douces, des mangues, de curieux concombres verts et l&rsquo;in\u00e9vitable <em>okra<\/em>, le fruit du gombo, qui appara\u00eet dans de nombreux plats <em>bajans<\/em>. Il n&rsquo;y a pas une grande agitation de personnes ici \u00e0 <em><strong>Speightstown<\/strong><\/em>, tr\u00e8s peu de touristes. Comme si, en roulant sur la Highway 1, la route c\u00f4ti\u00e8re qui m\u00e8ne au nord de <em><strong>Bridgetown<\/strong><\/em>, nous avions \u00e0 un moment donn\u00e9 franchi une fronti\u00e8re invisible. En laissant de c\u00f4t\u00e9 le tourisme standardis\u00e9 de la <em>Platinum Coast<\/em>, les boutiques \u00e0 la mode, les propri\u00e9t\u00e9s spacieuses entour\u00e9es de pelouses et de jardins, et les h\u00f4tels multi-\u00e9toiles cach\u00e9s derri\u00e8re de hautes cl\u00f4tures, nous nous retrouvons dans une petite ville endormie qui, en th\u00e9orie, devrait \u00eatre le principal centre commercial du nord de l&rsquo;\u00eele.\r\n\r\n<div id=\"attachment_252\" style=\"width: 650px\" class=\"wp-caption aligncenter\"><img loading=\"lazy\" decoding=\"async\" aria-describedby=\"caption-attachment-252\" class=\"wp-image-252 size-full\" title=\"Speightstown Barbados\" src=\"https:\/\/barbadosinfo.it\/wp-content\/uploads\/2022\/02\/Speightstown-Barbados.jpg\" alt=\"Speightstown Barbados\" width=\"640\" height=\"475\" srcset=\"https:\/\/barbadosinfo.it\/wp-content\/uploads\/2022\/02\/Speightstown-Barbados.jpg 640w, https:\/\/barbadosinfo.it\/wp-content\/uploads\/2022\/02\/Speightstown-Barbados-300x223.jpg 300w, https:\/\/barbadosinfo.it\/wp-content\/uploads\/2022\/02\/Speightstown-Barbados-472x350.jpg 472w, https:\/\/barbadosinfo.it\/wp-content\/uploads\/2022\/02\/Speightstown-Barbados-150x111.jpg 150w\" sizes=\"auto, (max-width: 640px) 100vw, 640px\" \/><p id=\"caption-attachment-252\" class=\"wp-caption-text\">Speightstown Barbados | Photo par <a href=\"https:\/\/www.facebook.com\/Il-Gatto-Viaggiatore-104501031660557\"> P.L. Paolini<\/a><\/p><\/div>\r\n\r\n<!-- \/wp:paragraph --><!-- wp:paragraph -->\r\n\r\nSur le front de mer, les b\u00e2timents les plus r\u00e9cents arborent des couleurs vives, comme il est d&rsquo;usage sous ces latitudes, mais les b\u00e2timents historiques pr\u00e9sentent au contraire des murs \u00e9caill\u00e9s et des fen\u00eatres d\u00e9color\u00e9es, \u00e0 l&rsquo;exception des rares qui ont \u00e9t\u00e9 restaur\u00e9s. L&rsquo;une d&rsquo;elles est l&rsquo;<a href=\"https:\/\/barbados.org\/arlington-house-museum.htm\"><strong><em>Arlington House<\/em><\/strong><\/a>, trois \u00e9tages blanchis \u00e0 la chaux qui abritent un mus\u00e9e de la petite ville depuis 2008. <em>Speightstown<\/em> est la deuxi\u00e8me ville la plus ancienne de l&rsquo;\u00eele, apr\u00e8s <em>Holetown<\/em>, fond\u00e9e par les premiers colons vers 1630 ; mais il reste peu de choses de son pass\u00e9 glorieux, lorsqu&rsquo;elle \u00e9tait le port le plus florissant de <em>Barbados<\/em>. Ce n&rsquo;est pas qu&rsquo;il manque de charme, remarquez. Nous d\u00e9cidons de nous arr\u00eater, c&rsquo;est un peu comme <em>Bathsheba<\/em> ici, il y a cette sensation de film dat\u00e9.\r\n\r\n<div id=\"attachment_253\" style=\"width: 650px\" class=\"wp-caption aligncenter\"><img loading=\"lazy\" decoding=\"async\" aria-describedby=\"caption-attachment-253\" class=\"wp-image-253 size-full\" title=\"Arlington House Speightstown Barbados\" src=\"https:\/\/barbadosinfo.it\/wp-content\/uploads\/2022\/02\/Speightstown2-Barbados.jpg\" alt=\"Arlington House Speightstown Barbados\" width=\"640\" height=\"426\" srcset=\"https:\/\/barbadosinfo.it\/wp-content\/uploads\/2022\/02\/Speightstown2-Barbados.jpg 640w, https:\/\/barbadosinfo.it\/wp-content\/uploads\/2022\/02\/Speightstown2-Barbados-300x200.jpg 300w, https:\/\/barbadosinfo.it\/wp-content\/uploads\/2022\/02\/Speightstown2-Barbados-526x350.jpg 526w, https:\/\/barbadosinfo.it\/wp-content\/uploads\/2022\/02\/Speightstown2-Barbados-150x100.jpg 150w\" sizes=\"auto, (max-width: 640px) 100vw, 640px\" \/><p id=\"caption-attachment-253\" class=\"wp-caption-text\">Arlington House Speightstown Barbados | Photo par <a href=\"https:\/\/www.facebook.com\/Il-Gatto-Viaggiatore-104501031660557\"> P.L. Paolini<\/a><\/p><\/div>\r\n\r\n<!-- \/wp:paragraph --><!-- wp:paragraph -->\r\n\r\nLes fen\u00eatres de notre appartement donnant sur le front de mer, il n&rsquo;y a pas de bruit, peu de gens passent, une voiture occasionnelle. La mer n&rsquo;est qu&rsquo;\u00e0 quelques m\u00e8tres, au-del\u00e0 de la bande de sable blanc qui longe la route. Les couleurs, dans la meilleure tradition tropicale, passent par toutes les nuances de bleu et de turquoise, sauf quand le ciel fait des siennes. Ce qui arrive fr\u00e9quemment \u00e0 la Barbade.\r\n\r\n<div id=\"attachment_255\" style=\"width: 650px\" class=\"wp-caption aligncenter\"><img loading=\"lazy\" decoding=\"async\" aria-describedby=\"caption-attachment-255\" class=\"wp-image-255 size-full\" title=\"Speightstown Barbados\" src=\"https:\/\/barbadosinfo.it\/wp-content\/uploads\/2022\/02\/Speightstown3-Barbados.jpg\" alt=\"Speightstown Barbados\" width=\"640\" height=\"343\" srcset=\"https:\/\/barbadosinfo.it\/wp-content\/uploads\/2022\/02\/Speightstown3-Barbados.jpg 640w, https:\/\/barbadosinfo.it\/wp-content\/uploads\/2022\/02\/Speightstown3-Barbados-300x161.jpg 300w, https:\/\/barbadosinfo.it\/wp-content\/uploads\/2022\/02\/Speightstown3-Barbados-150x80.jpg 150w\" sizes=\"auto, (max-width: 640px) 100vw, 640px\" \/><p id=\"caption-attachment-255\" class=\"wp-caption-text\">Speightstown Barbados | Photo par <a href=\"https:\/\/www.facebook.com\/Il-Gatto-Viaggiatore-104501031660557\"> P.L. Paolini<\/a><\/p><\/div>\r\n\r\n&nbsp;\r\n\r\n<img loading=\"lazy\" decoding=\"async\" class=\"alignnone wp-image-123\" src=\"https:\/\/barbadosinfo.it\/wp-content\/uploads\/2022\/02\/frecciarossabig.png\" alt=\"freccia rossa\" width=\"50\" height=\"50\" \/><b><\/b><b><a href=\"https:\/\/www.barbadosinfo.it\/fr\/voyage-a-barbade\/fishermans-pub\/\">Fisherman&rsquo;s Pub<\/a><\/b>\r\n\r\n<!-- \/wp:paragraph -->","protected":false},"excerpt":{"rendered":"<p>Un voyage &agrave; la Barbade Sous les arcades de Queen Street, trois ou quatre &eacute;tals vendent des patates douces, des mangues, de curieux concombres verts et l&rsquo;in&eacute;vitable okra, le fruit du gombo, qui appara&icirc;t dans de nombreux plats bajans. Il n&rsquo;y a pas une grande agitation de personnes ici &agrave;&#8230; <a class=\"continue-reading-link\" href=\"https:\/\/barbadosinfo.it\/fr\/voyage-a-barbade\/speightstown\/\">Continue reading<\/a><\/p>\n","protected":false},"author":1,"featured_media":0,"parent":21,"menu_order":7,"comment_status":"closed","ping_status":"closed","template":"","meta":{"footnotes":""},"class_list":["post-47","page","type-page","status-publish","hentry"],"_links":{"self":[{"href":"https:\/\/barbadosinfo.it\/fr\/wp-json\/wp\/v2\/pages\/47","targetHints":{"allow":["GET"]}}],"collection":[{"href":"https:\/\/barbadosinfo.it\/fr\/wp-json\/wp\/v2\/pages"}],"about":[{"href":"https:\/\/barbadosinfo.it\/fr\/wp-json\/wp\/v2\/types\/page"}],"author":[{"embeddable":true,"href":"https:\/\/barbadosinfo.it\/fr\/wp-json\/wp\/v2\/users\/1"}],"replies":[{"embeddable":true,"href":"https:\/\/barbadosinfo.it\/fr\/wp-json\/wp\/v2\/comments?post=47"}],"version-history":[{"count":2,"href":"https:\/\/barbadosinfo.it\/fr\/wp-json\/wp\/v2\/pages\/47\/revisions"}],"predecessor-version":[{"id":573,"href":"https:\/\/barbadosinfo.it\/fr\/wp-json\/wp\/v2\/pages\/47\/revisions\/573"}],"up":[{"embeddable":true,"href":"https:\/\/barbadosinfo.it\/fr\/wp-json\/wp\/v2\/pages\/21"}],"wp:attachment":[{"href":"https:\/\/barbadosinfo.it\/fr\/wp-json\/wp\/v2\/media?parent=47"}],"curies":[{"name":"wp","href":"https:\/\/api.w.org\/{rel}","templated":true}]}}