{"id":45,"date":"2022-02-19T23:42:49","date_gmt":"2022-02-19T22:42:49","guid":{"rendered":"https:\/\/www.tropici.dev.cc\/?page_id=45"},"modified":"2022-08-10T23:40:52","modified_gmt":"2022-08-10T21:40:52","slug":"st-nicholas-abbey","status":"publish","type":"page","link":"https:\/\/barbadosinfo.it\/fr\/voyage-a-barbade\/st-nicholas-abbey\/","title":{"rendered":"St. Nicholas Abbey"},"content":{"rendered":"<p class=\"has-text-align-right\" style=\"text-align: right;\"><strong><em>Un voyage \u00e0 la Barbade<\/em><\/strong><\/p>\r\n<!-- \/wp:post-content -->\r\n\r\n<!-- wp:paragraph -->\r\n\r\n<em>Simon Warren<\/em> est un gar\u00e7on blond avec un regard l\u00e9g\u00e8rement r\u00eaveur. Il nous fait visiter l&rsquo;ancien moulin et nous montre les diff\u00e9rentes \u00e9tapes du processus de fabrication du sucre. Il est si fier de la distillerie familiale qu&rsquo;il s&rsquo;aventure m\u00eame \u00e0 prononcer quelques mots en italien, fouillant dans les souvenirs d&rsquo;on ne sait quel voyage en Europe.\r\n\r\n<div id=\"attachment_248\" style=\"width: 650px\" class=\"wp-caption aligncenter\"><img loading=\"lazy\" decoding=\"async\" aria-describedby=\"caption-attachment-248\" class=\"wp-image-248 size-full\" title=\"St. Nicholas Abbey Barbados\" src=\"https:\/\/barbadosinfo.it\/wp-content\/uploads\/2022\/02\/St.-Nicholas-Abbey-Barbados.jpg\" alt=\"St. Nicholas Abbey Barbados\" width=\"640\" height=\"426\" srcset=\"https:\/\/barbadosinfo.it\/wp-content\/uploads\/2022\/02\/St.-Nicholas-Abbey-Barbados.jpg 640w, https:\/\/barbadosinfo.it\/wp-content\/uploads\/2022\/02\/St.-Nicholas-Abbey-Barbados-300x200.jpg 300w, https:\/\/barbadosinfo.it\/wp-content\/uploads\/2022\/02\/St.-Nicholas-Abbey-Barbados-526x350.jpg 526w, https:\/\/barbadosinfo.it\/wp-content\/uploads\/2022\/02\/St.-Nicholas-Abbey-Barbados-150x100.jpg 150w\" sizes=\"auto, (max-width: 640px) 100vw, 640px\" \/><p id=\"caption-attachment-248\" class=\"wp-caption-text\">St. Nicholas Abbey Barbados | Photo par <a href=\"https:\/\/www.facebook.com\/Il-Gatto-Viaggiatore-104501031660557\"> P.L. Paolini<\/a><\/p><\/div>\r\n\r\nSon p\u00e8re, architecte et homme \u00e9minent de la haute soci\u00e9t\u00e9 barbadienne, a achet\u00e9 <a href=\"http:\/\/www.stnicholasabbey.com\/\"><em><strong>St. Nicholas Abbey<\/strong><\/em><\/a> en 2006 et a maintenu la tradition du propri\u00e9taire pr\u00e9c\u00e9dent d&rsquo;ouvrir au public les portes de cette magnifique r\u00e9sidence, dont l&rsquo;origine remonte \u00e0 pas moins de 1658.\r\n\r\n<div id=\"attachment_249\" style=\"width: 650px\" class=\"wp-caption aligncenter\"><img loading=\"lazy\" decoding=\"async\" aria-describedby=\"caption-attachment-249\" class=\"wp-image-249 size-full\" title=\"St. Nicholas Abbey Barbados\" src=\"https:\/\/barbadosinfo.it\/wp-content\/uploads\/2022\/02\/St.-Nicholas-Abbey2-Barbados.jpg\" alt=\"St. Nicholas Abbey Barbados\" width=\"640\" height=\"426\" srcset=\"https:\/\/barbadosinfo.it\/wp-content\/uploads\/2022\/02\/St.-Nicholas-Abbey2-Barbados.jpg 640w, https:\/\/barbadosinfo.it\/wp-content\/uploads\/2022\/02\/St.-Nicholas-Abbey2-Barbados-300x200.jpg 300w, https:\/\/barbadosinfo.it\/wp-content\/uploads\/2022\/02\/St.-Nicholas-Abbey2-Barbados-526x350.jpg 526w, https:\/\/barbadosinfo.it\/wp-content\/uploads\/2022\/02\/St.-Nicholas-Abbey2-Barbados-150x100.jpg 150w\" sizes=\"auto, (max-width: 640px) 100vw, 640px\" \/><p id=\"caption-attachment-249\" class=\"wp-caption-text\">St. Nicholas Abbey Barbados | Photo par <a href=\"https:\/\/www.facebook.com\/Il-Gatto-Viaggiatore-104501031660557\"> P.L. Paolini<\/a><\/p><\/div>\r\n\r\n<!-- \/wp:paragraph --><!-- wp:paragraph -->\r\n\r\nLe manoir se dresse avec sa fa\u00e7ade blanche \u00e0 trois pignons au centre d&rsquo;un domaine qui, entre les d\u00e9pendances et les b\u00e2timents annexes, mesure quelque 160 hectares. \u00c0 l&rsquo;int\u00e9rieur, des meubles d&rsquo;\u00e9poque originaux, des tableaux, des bibelots et des bibelots, tout est tr\u00e8s britannique. Un chat noir et blanc se faufile dans la salle \u00e0 manger, sous la table garnie de c\u00e9ramiques fines et de cristaux ; nous sommes dans un mus\u00e9e mais l&rsquo;impression est celle d&rsquo;une maison qui vit sa propre vie. Un sp\u00e9cimen majestueux de <em>sandbox tre<\/em>e, au tronc couvert de grosses \u00e9pines, dont on nous dit qu&rsquo;il a quatre cents ans, fait bonne figure dans la cour int\u00e9rieure, d&rsquo;o\u00f9 l&rsquo;on acc\u00e8de au jardin d&rsquo;herbes et de fleurs. Un jardin anglais, bien s\u00fbr. Pas du tout, ici les parterres sont dispos\u00e9s selon une sym\u00e9trie tr\u00e8s pr\u00e9cise, et c&rsquo;est ce qu&rsquo;on appelle un jardin italien.\r\n\r\n<div id=\"attachment_250\" style=\"width: 650px\" class=\"wp-caption aligncenter\"><img loading=\"lazy\" decoding=\"async\" aria-describedby=\"caption-attachment-250\" class=\"wp-image-250 size-full\" title=\"St. Nicholas Abbey Barbados\" src=\"https:\/\/barbadosinfo.it\/wp-content\/uploads\/2022\/02\/St.-Nicholas-Abbey3-Barbados.jpg\" alt=\"St. Nicholas Abbey Barbados\" width=\"640\" height=\"426\" srcset=\"https:\/\/barbadosinfo.it\/wp-content\/uploads\/2022\/02\/St.-Nicholas-Abbey3-Barbados.jpg 640w, https:\/\/barbadosinfo.it\/wp-content\/uploads\/2022\/02\/St.-Nicholas-Abbey3-Barbados-300x200.jpg 300w, https:\/\/barbadosinfo.it\/wp-content\/uploads\/2022\/02\/St.-Nicholas-Abbey3-Barbados-526x350.jpg 526w, https:\/\/barbadosinfo.it\/wp-content\/uploads\/2022\/02\/St.-Nicholas-Abbey3-Barbados-150x100.jpg 150w\" sizes=\"auto, (max-width: 640px) 100vw, 640px\" \/><p id=\"caption-attachment-250\" class=\"wp-caption-text\">St. Nicholas Abbey Barbados | Photo par <a href=\"https:\/\/www.facebook.com\/Il-Gatto-Viaggiatore-104501031660557\"> P.L. Paolini<\/a><\/p><\/div>\r\n\r\n&nbsp;\r\n\r\n<img loading=\"lazy\" decoding=\"async\" class=\"alignnone wp-image-123\" src=\"https:\/\/barbadosinfo.it\/wp-content\/uploads\/2022\/02\/frecciarossabig.png\" alt=\"freccia rossa\" width=\"50\" height=\"50\" \/> <a href=\"https:\/\/www.barbadosinfo.it\/fr\/voyage-a-barbade\/speightstown\/\"><b>Speightstown<\/b><\/a>\r\n\r\n<!-- \/wp:paragraph -->","protected":false},"excerpt":{"rendered":"<p>Un voyage &agrave; la Barbade Simon Warren est un gar&ccedil;on blond avec un regard l&eacute;g&egrave;rement r&ecirc;veur. Il nous fait visiter l&rsquo;ancien moulin et nous montre les diff&eacute;rentes &eacute;tapes du processus de fabrication du sucre. Il est si fier de la distillerie familiale qu&rsquo;il s&rsquo;aventure m&ecirc;me &agrave; prononcer quelques mots en&#8230; <a class=\"continue-reading-link\" href=\"https:\/\/barbadosinfo.it\/fr\/voyage-a-barbade\/st-nicholas-abbey\/\">Continue reading<\/a><\/p>\n","protected":false},"author":1,"featured_media":0,"parent":21,"menu_order":6,"comment_status":"closed","ping_status":"closed","template":"","meta":{"footnotes":""},"class_list":["post-45","page","type-page","status-publish","hentry"],"_links":{"self":[{"href":"https:\/\/barbadosinfo.it\/fr\/wp-json\/wp\/v2\/pages\/45","targetHints":{"allow":["GET"]}}],"collection":[{"href":"https:\/\/barbadosinfo.it\/fr\/wp-json\/wp\/v2\/pages"}],"about":[{"href":"https:\/\/barbadosinfo.it\/fr\/wp-json\/wp\/v2\/types\/page"}],"author":[{"embeddable":true,"href":"https:\/\/barbadosinfo.it\/fr\/wp-json\/wp\/v2\/users\/1"}],"replies":[{"embeddable":true,"href":"https:\/\/barbadosinfo.it\/fr\/wp-json\/wp\/v2\/comments?post=45"}],"version-history":[{"count":2,"href":"https:\/\/barbadosinfo.it\/fr\/wp-json\/wp\/v2\/pages\/45\/revisions"}],"predecessor-version":[{"id":574,"href":"https:\/\/barbadosinfo.it\/fr\/wp-json\/wp\/v2\/pages\/45\/revisions\/574"}],"up":[{"embeddable":true,"href":"https:\/\/barbadosinfo.it\/fr\/wp-json\/wp\/v2\/pages\/21"}],"wp:attachment":[{"href":"https:\/\/barbadosinfo.it\/fr\/wp-json\/wp\/v2\/media?parent=45"}],"curies":[{"name":"wp","href":"https:\/\/api.w.org\/{rel}","templated":true}]}}