{"id":43,"date":"2022-02-19T23:41:49","date_gmt":"2022-02-19T22:41:49","guid":{"rendered":"https:\/\/www.tropici.dev.cc\/?page_id=43"},"modified":"2022-08-10T23:41:43","modified_gmt":"2022-08-10T21:41:43","slug":"welchman-hall-gully","status":"publish","type":"page","link":"https:\/\/barbadosinfo.it\/fr\/voyage-a-barbade\/welchman-hall-gully\/","title":{"rendered":"Welchman Hall Gully"},"content":{"rendered":"<p class=\"has-text-align-right\" style=\"text-align: right;\"><strong><em>Un voyage \u00e0 la Barbade<\/em><\/strong><\/p>\r\n<!-- \/wp:post-content -->\r\n\r\n<!-- wp:paragraph -->\r\n\r\nNous savions que nous ne trouverions pas d&rsquo;\u00eele luxuriante. Les colonisateurs britanniques avaient d\u00e9j\u00e0 d\u00e9racin\u00e9 la v\u00e9g\u00e9tation d&rsquo;origine il y a trois si\u00e8cles, en couvrant la terre de canne \u00e0 sucre. Des champs de canne \u00e0 sucre \u00e0 perte de vue, o\u00f9 l&rsquo;on naissait esclave et mourait esclave. Une mer verte de canne \u00e0 sucre souffl\u00e9e par le vent qui, aujourd&rsquo;hui encore, bien qu&rsquo;\u00e0 une \u00e9chelle moindre, borde les deux c\u00f4t\u00e9s de la route.\r\n\r\n<div id=\"attachment_245\" style=\"width: 650px\" class=\"wp-caption aligncenter\"><img loading=\"lazy\" decoding=\"async\" aria-describedby=\"caption-attachment-245\" class=\"wp-image-245 size-full\" title=\"Ficus citrifolia Barbados\" src=\"https:\/\/barbadosinfo.it\/wp-content\/uploads\/2022\/02\/Ficus-citrifolia-Barbados.jpg\" alt=\"Ficus citrifolia Barbados\" width=\"640\" height=\"426\" srcset=\"https:\/\/barbadosinfo.it\/wp-content\/uploads\/2022\/02\/Ficus-citrifolia-Barbados.jpg 640w, https:\/\/barbadosinfo.it\/wp-content\/uploads\/2022\/02\/Ficus-citrifolia-Barbados-300x200.jpg 300w, https:\/\/barbadosinfo.it\/wp-content\/uploads\/2022\/02\/Ficus-citrifolia-Barbados-526x350.jpg 526w, https:\/\/barbadosinfo.it\/wp-content\/uploads\/2022\/02\/Ficus-citrifolia-Barbados-150x100.jpg 150w\" sizes=\"auto, (max-width: 640px) 100vw, 640px\" \/><p id=\"caption-attachment-245\" class=\"wp-caption-text\">Ficus citrifolia &#8211; Barbados | Photo par <a href=\"https:\/\/www.facebook.com\/Il-Gatto-Viaggiatore-104501031660557\"> P.L. Paolini<\/a><\/p><\/div>\r\n\r\n<!-- \/wp:paragraph --><!-- wp:paragraph -->\r\n\r\nPeu d&rsquo;esp\u00e8ces v\u00e9g\u00e9tales indig\u00e8nes ont r\u00e9ussi \u00e0 survivre \u00e0 l&rsquo;invasion du sucre. Les seuls grands arbres qui subsistent \u00e0 <em>la Barbade<\/em> semblent \u00eatre ces <em>Ficus citrifolia<\/em> g\u00e9ants, avec leurs longues racines a\u00e9riennes ressemblant \u00e0 des barbes, que les premiers navigateurs portugais qui ont d\u00e9barqu\u00e9 sur l&rsquo;\u00eele ont appel\u00e9s<em> los barbados.<\/em>\r\n\r\n<div id=\"attachment_246\" style=\"width: 650px\" class=\"wp-caption aligncenter\"><img loading=\"lazy\" decoding=\"async\" aria-describedby=\"caption-attachment-246\" class=\"wp-image-246 size-full\" title=\"Welchman Hall Gully Barbados\" src=\"https:\/\/barbadosinfo.it\/wp-content\/uploads\/2022\/02\/Welchman-Hall-Gully-Barbados.jpg\" alt=\"Welchman Hall Gully Barbados\" width=\"640\" height=\"426\" srcset=\"https:\/\/barbadosinfo.it\/wp-content\/uploads\/2022\/02\/Welchman-Hall-Gully-Barbados.jpg 640w, https:\/\/barbadosinfo.it\/wp-content\/uploads\/2022\/02\/Welchman-Hall-Gully-Barbados-300x200.jpg 300w, https:\/\/barbadosinfo.it\/wp-content\/uploads\/2022\/02\/Welchman-Hall-Gully-Barbados-526x350.jpg 526w, https:\/\/barbadosinfo.it\/wp-content\/uploads\/2022\/02\/Welchman-Hall-Gully-Barbados-150x100.jpg 150w\" sizes=\"auto, (max-width: 640px) 100vw, 640px\" \/><p id=\"caption-attachment-246\" class=\"wp-caption-text\">Welchman Hall Gully &#8211; Barbados | Photo par <a href=\"https:\/\/www.facebook.com\/Il-Gatto-Viaggiatore-104501031660557\"> P.L. Paolini<\/a><\/p><\/div>\r\n\r\n<!-- \/wp:paragraph --><!-- wp:paragraph -->\r\n\r\nPourtant, les plantes indig\u00e8nes et naturalis\u00e9es n&rsquo;ont pas totalement disparu, il suffit de les chercher aux seuls endroits o\u00f9 les planteurs ne sont jamais all\u00e9s, au fond des \u00e9troites d\u00e9pressions karstiques appel\u00e9es localement ravines. D\u00e8s que nous p\u00e9n\u00e9trons dans le <em><strong>Welchman Hall Gully<\/strong><\/em>, une tranquillit\u00e9 feutr\u00e9e nous enveloppe ; la fra\u00eecheur du lieu est un bienfait pour le physique \u00e9prouv\u00e9 par la chaleur tropicale et nous invite \u00e0 nous arr\u00eater pour observer la v\u00e9g\u00e9tation dense. Voici \u00e0 quoi devait ressembler <strong>la Barbade<\/strong> il y a quelques si\u00e8cles. Ce site, comme beaucoup d&rsquo;autres, est g\u00e9r\u00e9 avec beaucoup de soin et d&rsquo;attention par le <em>Barbados National Trust<\/em>\r\n\r\n<br>\r\n\r\n<img loading=\"lazy\" decoding=\"async\" class=\"alignnone wp-image-123\" src=\"https:\/\/barbadosinfo.it\/wp-content\/uploads\/2022\/02\/frecciarossabig.png\" alt=\"freccia rossa\" width=\"50\" height=\"50\" \/> <b><a href=\"https:\/\/www.barbadosinfo.it\/fr\/voyage-a-barbade\/st-nicholas-abbey\/\">St. Nicholas Abbey<\/a> <\/b>\r\n\r\n<!-- \/wp:paragraph -->","protected":false},"excerpt":{"rendered":"<p>Un voyage &agrave; la Barbade Nous savions que nous ne trouverions pas d&rsquo;&icirc;le luxuriante. Les colonisateurs britanniques avaient d&eacute;j&agrave; d&eacute;racin&eacute; la v&eacute;g&eacute;tation d&rsquo;origine il y a trois si&egrave;cles, en couvrant la terre de canne &agrave; sucre. Des champs de canne &agrave; sucre &agrave; perte de vue, o&ugrave; l&rsquo;on naissait esclave&#8230; <a class=\"continue-reading-link\" href=\"https:\/\/barbadosinfo.it\/fr\/voyage-a-barbade\/welchman-hall-gully\/\">Continue reading<\/a><\/p>\n","protected":false},"author":1,"featured_media":0,"parent":21,"menu_order":5,"comment_status":"closed","ping_status":"closed","template":"","meta":{"footnotes":""},"class_list":["post-43","page","type-page","status-publish","hentry"],"_links":{"self":[{"href":"https:\/\/barbadosinfo.it\/fr\/wp-json\/wp\/v2\/pages\/43","targetHints":{"allow":["GET"]}}],"collection":[{"href":"https:\/\/barbadosinfo.it\/fr\/wp-json\/wp\/v2\/pages"}],"about":[{"href":"https:\/\/barbadosinfo.it\/fr\/wp-json\/wp\/v2\/types\/page"}],"author":[{"embeddable":true,"href":"https:\/\/barbadosinfo.it\/fr\/wp-json\/wp\/v2\/users\/1"}],"replies":[{"embeddable":true,"href":"https:\/\/barbadosinfo.it\/fr\/wp-json\/wp\/v2\/comments?post=43"}],"version-history":[{"count":2,"href":"https:\/\/barbadosinfo.it\/fr\/wp-json\/wp\/v2\/pages\/43\/revisions"}],"predecessor-version":[{"id":586,"href":"https:\/\/barbadosinfo.it\/fr\/wp-json\/wp\/v2\/pages\/43\/revisions\/586"}],"up":[{"embeddable":true,"href":"https:\/\/barbadosinfo.it\/fr\/wp-json\/wp\/v2\/pages\/21"}],"wp:attachment":[{"href":"https:\/\/barbadosinfo.it\/fr\/wp-json\/wp\/v2\/media?parent=43"}],"curies":[{"name":"wp","href":"https:\/\/api.w.org\/{rel}","templated":true}]}}