{"id":408,"date":"2022-03-04T11:02:25","date_gmt":"2022-03-04T10:02:25","guid":{"rendered":"https:\/\/www.tropici.dev.cc\/?page_id=408"},"modified":"2024-10-14T17:06:57","modified_gmt":"2024-10-14T15:06:57","slug":"privacy-avvertenze","status":"publish","type":"page","link":"https:\/\/barbadosinfo.it\/fr\/privacy-avvertenze\/","title":{"rendered":"Privacy - Avertissements"},"content":{"rendered":"<p>&nbsp;<\/p>\n<p style=\"text-align: justify;\"><strong>Politique de confidentialit\u00e9<\/strong><\/p>\n<p style=\"text-align: justify;\">Nous consid\u00e9rons que la <strong>privacy<\/strong> de nos visiteurs est extr\u00eamement importante. Ce document d\u00e9taille les types d&rsquo;informations collect\u00e9es et enregistr\u00e9es par barbadosinfo.it et la mani\u00e8re dont nous les utilisons.<\/p>\n<p><strong>Comme la plupart des sites web, nous utilisons des \u00ab\u00a0cookies\u00a0\u00bb pour am\u00e9liorer l&rsquo;exp\u00e9rience de la visite de notre site.<\/strong> Outre les \u00ab\u00a0cookies\u00a0\u00bb techniques, qui sont essentiels au bon fonctionnement du site, des \u00ab\u00a0cookies\u00a0\u00bb peuvent \u00eatre utilis\u00e9s par des soci\u00e9t\u00e9s publicitaires ind\u00e9pendantes qui placent des publicit\u00e9s sur notre site web (cookies tiers). Ces soci\u00e9t\u00e9s peuvent utiliser des donn\u00e9es (qui ne comprennent pas d&rsquo;informations personnelles) concernant vos visites sur ce site et d&rsquo;autres sites web pour afficher des publicit\u00e9s sur des produits et services susceptibles de vous int\u00e9resser ; ces cookies sont utilis\u00e9s par <a href=\"https:\/\/policies.google.com\/technologies\/partner-sites?hl=fr\">Google Adsense<\/a>. Vous pouvez rendre les annonces qui vous sont montr\u00e9es plus pertinentes ou d\u00e9sactiver la publicit\u00e9 personnalis\u00e9e en vous rendant sur la page des <a href=\"https:\/\/adssettings.google.com\/authenticated?hl=fr\">param\u00e8tres des annonces<\/a>. Vous pouvez \u00e9galement d\u00e9sactiver l&rsquo;utilisation de cookies par des fournisseurs tiers pour la publicit\u00e9 personnalis\u00e9e en visitant <a href=\"http:\/\/www.aboutads.info\/choices\/\" target=\"_blank\" rel=\"noopener noreferrer\">www.aboutads.info.<\/a><\/p>\n<p>Pour permettre le partage de contenus, des boutons, et des cookies associ\u00e9s, des r\u00e9seaux sociaux suivants sont utilis\u00e9s: <a href=\"https:\/\/www.facebook.com\/privacy\/explanation\/\">Facebook<\/a>, <a href=\"https:\/\/twitter.com\/privacy\">Twitter<\/a>, <a href=\"https:\/\/www.linkedin.com\/legal\/privacy-policy?_l=it_IT\">Linkedin.<\/a>, <a href=\"https:\/\/www.reddit.com\/policies\/privacy-policy\">Reddit<\/a>, <a href=\"https:\/\/www.whatsapp.com\/privacy\">WhatsApp<\/a>, <a href=\"https:\/\/joinmastodon.org\/it\/privacy-policy\">Mastodon<\/a>, <a href=\"https:\/\/it-it.about.flipboard.com\/privacy\/\">Flipboard<\/a>, <a href=\"https:\/\/www.tumblr.com\/privacy\/it\">Tumble<\/a>, <a href=\"https:\/\/about.instagram.com\/it-it\/safety\/privacy\">Instagram<\/a> .<\/p>\n<p>Les cookies tiers suivants peuvent \u00eatre utilis\u00e9s pour assurer certaines fonctionnalit\u00e9s du site :<a href=\"https:\/\/www.ilmeteo.it\/portale\/privacy\/\"> ilMeteo.it<\/a>, <a href=\"https:\/\/support.google.com\/maps\/answer\/7576020?hl=it\">Google Maps<\/a> , <a href=\"https:\/\/dayspedia.com\/privacy\/\">Dayspedia<\/a>, <a href=\"https:\/\/content.meteoblue.com\/en\/legal\/privacy\">Meteoblue<\/a> , <a href=\"https:\/\/policies.google.com\/privacy\">YouTube,<\/a>\u00a0 <a href=\"https:\/\/foundation.wikimedia.org\/wiki\/Policy:Privacy_policy\">Wikipedia<\/a> ,\u00a0 <a href=\"https:\/\/pixabay.com\/it\/service\/cookies\/\">Pixaby <\/a><a href=\"https:\/\/policies.google.com\/privacy\">, <\/a><a href=\"https:\/\/support.google.com\/maps\/answer\/7576020?hl=it\">Google Maps<\/a> <a href=\"https:\/\/policies.google.com\/privacy\">, <\/a><a href=\"https:\/\/content.meteoblue.com\/en\/legal\/privacy\">Meteoblue<\/a><a href=\"https:\/\/policies.google.com\/privacy\">, <\/a><a href=\"https:\/\/miniature.io\/privacy\">miniature.io<\/a><\/p>\n<div id=\"ppms_cm_privacy_settings\" class=\"ppms_cm_privacy_settings_widget\" data-editor-centralize=\"true\" data-main-container=\"true\" data-root=\"true\">\n<div class=\"ppms_cm_privacy_settings_widget_content\" data-disable-select=\"true\">Le service de statistiques peut collecter et analyser les informations n\u00e9cessaires au suivi de l&rsquo;acc\u00e8s au site ; le service utilis\u00e9 est: <a href=\"https:\/\/piwik.pro\/privacy-compliance\/\"> PIWIK.<\/a> \u00c0 cette fin, nous vous demandons toujours votre consentement, mais vous pouvez toutefois modifier vos param\u00e8tres.<button id=\"ppms_cm_privacy_settings_button\" class=\"ppms_cm_privacy_settings_button_show\">G\u00e9rer les param\u00e8tres<\/button><\/div>\n<\/div>\n<p>Enfin, vous pouvez refuser l&rsquo;utilisation de cookies en s\u00e9lectionnant les param\u00e8tres appropri\u00e9s de votre navigateur, mais cela peut vous emp\u00eacher d&rsquo;utiliser toutes les fonctionnalit\u00e9s de ce site web et de nombreux autres.<\/p>\n<p>Pour plus d&rsquo;informations sur la mani\u00e8re de d\u00e9sactiver les cookies : <a href=\"https:\/\/www.google.com\/privacy_ads.htmlhttps:\/\/policies.google.com\/technologies\/product-privacy?hl=fr\" target=\"&quot;_blank\" rel=\"noopener noreferrer\"> Google <\/a> &#8211; <a href=\"https:\/\/support.microsoft.com\/fr-fr\/topic\/comment-supprimer-des-fichiers-cookies-dans-internet-explorer-bca9446f-d873-78de-77ba-d42645fa52fc\" target=\"&quot;_blank\" rel=\"noopener noreferrer\"> IE cookies <\/a> &#8211; <a href=\"https:\/\/support.mozilla.org\/fr\/kb\/effacer-cookies-donnees-site-firefox\" target=\"&quot;_blank\" rel=\"noopener noreferrer\"> FireFox cookies <\/a> &#8211; <a href=\"https:\/\/support.google.com\/accounts\/answer\/61416?hl=fr\" target=\"&quot;_blank\" rel=\"noopener noreferrer\">Chrome cookies<\/a> &#8211; <a href=\"https:\/\/support.apple.com\/it-it\/HT201265\" target=\"_blank\" rel=\"noopener noreferrer\">Safari cookies<\/a> &#8211; <a href=\"https:\/\/help.opera.com\/en\/latest\/security-and-privacy\/\" target=\"_blank\" rel=\"noopener noreferrer\">Opera cookies.<\/a> &#8211;<a href=\"https:\/\/support.microsoft.com\/it-it\/microsoft-edge\/eliminare-i-cookie-in-microsoft-edge-63947406-40ac-c3b8-57b9-2a946a29ae09\"> Edge cookies<\/a><\/p>\n<p>Pour plus d&rsquo;informations sur la nature des cookies, leur fonctionnement et la mani\u00e8re de les d\u00e9sactiver, consultez les sites suivants : <a href=\"https:\/\/www.youronlinechoices.com\">https:\/\/www.youronlinechoices.com<\/a> et <a href=\"https:\/\/www.allaboutcookies.org\/\">https:\/\/www.allaboutcookies.org\/<\/a>.<\/p>\n<p>Si vous souhaitez obtenir de plus amples informations ou si vous avez des questions sur notre politique de confidentialit\u00e9, n&rsquo;h\u00e9sitez pas \u00e0 nous contacter par <a href=\"https:\/\/www.barbadosinfo.it\/fr\/qui-nous-sommes\/\">e-mail<\/a>.<\/p>\n<p style=\"text-align: justify;\"><strong>Consentement<\/strong><br \/>\nEn utilisant notre site Web, vous consentez \u00e0 notre politique de confidentialit\u00e9 et acceptez ses conditions.<\/p>\n<p style=\"text-align: justify;\"><span style=\"color: #999999;\"><em>La pr\u00e9sente politique de confidentialit\u00e9 a \u00e9t\u00e9 mise \u00e0 jour le 10 octobre 2024.<br \/>\nSi nous mettons \u00e0 jour, modifions ou apportons des changements \u00e0 notre politique de confidentialit\u00e9, ces changements seront publi\u00e9s ici.<\/em><\/span><\/p>\n<hr \/>\n<p style=\"text-align: justify;\"><strong>Avertissements<\/strong><\/p>\n<p>Le contenu de ce site est fourni uniquement \u00e0 titre d&rsquo;information personnelle et n&rsquo;est donc pas adapt\u00e9 \u00e0 la prise de d\u00e9cision. Bien que tous les efforts raisonnables soient faits pour fournir un contenu fiable et correct, aucune garantie n&rsquo;est donn\u00e9e quant \u00e0 l&rsquo;exactitude du contenu fourni ou \u00e0 la pr\u00e9cision des informations. Veuillez contr\u00f4ler et v\u00e9rifier toutes les informations sur les sites officiels. Aucune responsabilit\u00e9 n&rsquo;est accept\u00e9e pour l&rsquo;acc\u00e8s des visiteurs aux liens externes du site, et bien que tous les efforts raisonnables soient faits pour \u00e9viter cela, aucune garantie n&rsquo;est donn\u00e9e que les pages du site sont exemptes d&rsquo;erreurs ou de virus informatiques. Il convient de noter que nous ne sommes pas une agence de voyage et que nous ne r\u00e9alisons pas de ventes, par cons\u00e9quent, tout achat effectu\u00e9 en suivant les liens sur le site se fait directement entre l&rsquo;utilisateur et le vendeur et, par cons\u00e9quent, l&rsquo;utilisateur du site convient et accepte que nous ne sommes en aucun cas responsables, directement ou indirectement, des dommages li\u00e9s aux achats de biens ou de services effectu\u00e9s \u00e0 travers lesdits liens.<\/p>\n<p>Vous ne pouvez utiliser les textes de ce site que dans les cas et de la mani\u00e8re pr\u00e9vus par la <a title=\"Creative Common Licence\" href=\"https:\/\/barbadosinfo.it\/avvertenze\" target=\"_self\" rel=\"noopener noreferrer\"> CC License<\/a>. Pour toute autre utilisation, veuillez contacter la r\u00e9daction en pr\u00e9cisant vos besoins.<\/p>\n<p>Ce site ne repr\u00e9sente pas un journal car il est mis \u00e0 jour sans aucune p\u00e9riodicit\u00e9. Il ne peut donc pas \u00eatre consid\u00e9r\u00e9 comme un produit \u00e9ditorial au sens de la loi italienne n\u00b0 62 du 7.03.2001. Ce site n&rsquo;est pas une agence de voyage.<\/p>\n<hr \/>\n<p style=\"text-align: center;\">Ce travail a \u00e9t\u00e9 publi\u00e9 sous licence<br \/>\n<a title=\"Creative Common Licence\" href=\"https:\/\/creativecommons.org\/licenses\/by-nc-nd\/4.0\/deed.fr\" target=\"_self\" rel=\"noopener noreferrer\">Creative Commons<br \/>\nAttribution-Travaux non commerciaux-non d\u00e9riv\u00e9s 4.0 <\/a>.<\/p>\n<div style=\"text-align: justify;\">\n<hr \/>\n<\/div>\n","protected":false},"excerpt":{"rendered":"<p>&nbsp; Politique de confidentialit&eacute; Nous consid&eacute;rons que la privacy de nos visiteurs est extr&ecirc;mement importante. Ce document d&eacute;taille les types d&rsquo;informations collect&eacute;es et enregistr&eacute;es par barbadosinfo.it et la mani&egrave;re dont nous les utilisons. Comme la plupart des sites web, nous utilisons des &laquo;&nbsp;cookies&nbsp;&raquo; pour am&eacute;liorer l&rsquo;exp&eacute;rience de la visite de&#8230; <a class=\"continue-reading-link\" href=\"https:\/\/barbadosinfo.it\/fr\/privacy-avvertenze\/\">Continue reading<\/a><\/p>\n","protected":false},"author":1,"featured_media":0,"parent":0,"menu_order":0,"comment_status":"closed","ping_status":"closed","template":"","meta":{"footnotes":""},"class_list":["post-408","page","type-page","status-publish","hentry"],"_links":{"self":[{"href":"https:\/\/barbadosinfo.it\/fr\/wp-json\/wp\/v2\/pages\/408","targetHints":{"allow":["GET"]}}],"collection":[{"href":"https:\/\/barbadosinfo.it\/fr\/wp-json\/wp\/v2\/pages"}],"about":[{"href":"https:\/\/barbadosinfo.it\/fr\/wp-json\/wp\/v2\/types\/page"}],"author":[{"embeddable":true,"href":"https:\/\/barbadosinfo.it\/fr\/wp-json\/wp\/v2\/users\/1"}],"replies":[{"embeddable":true,"href":"https:\/\/barbadosinfo.it\/fr\/wp-json\/wp\/v2\/comments?post=408"}],"version-history":[{"count":4,"href":"https:\/\/barbadosinfo.it\/fr\/wp-json\/wp\/v2\/pages\/408\/revisions"}],"predecessor-version":[{"id":653,"href":"https:\/\/barbadosinfo.it\/fr\/wp-json\/wp\/v2\/pages\/408\/revisions\/653"}],"wp:attachment":[{"href":"https:\/\/barbadosinfo.it\/fr\/wp-json\/wp\/v2\/media?parent=408"}],"curies":[{"name":"wp","href":"https:\/\/api.w.org\/{rel}","templated":true}]}}