{"id":405,"date":"2022-03-04T10:59:01","date_gmt":"2022-03-04T09:59:01","guid":{"rendered":"https:\/\/www.tropici.dev.cc\/?page_id=405"},"modified":"2022-08-16T02:39:45","modified_gmt":"2022-08-16T00:39:45","slug":"cc-licenze","status":"publish","type":"page","link":"https:\/\/barbadosinfo.it\/fr\/cc-licenze\/","title":{"rendered":"Licences CC"},"content":{"rendered":"<div>\n<div style=\"text-align: justify;\">Les <strong>textes<\/strong> sur barbadosinfo.it sont diffus\u00e9s sous la licence<br \/>\nCreative Commons<\/div>\n<div style=\"text-align: justify;\"><a href=\"https:\/\/creativecommons.org\/licenses\/by-nc-nd\/4.0\/deed.fr\">Creative Commons<\/a> (Attribution &#8211; Non commercial &#8211; Pas de travaux d\u00e9riv\u00e9s 4.0)<\/div>\n<p>cela signifie que vous \u00eates libre de reproduire, distribuer, communiquer au public, afficher publiquement, ex\u00e9cuter et r\u00e9citer les textes de cette \u0153uvre dans les conditions suivantes :<\/p>\n<p><strong>Attribution &#8211; Vous devez attribuer la paternit\u00e9 de l&rsquo;\u0153uvre.<\/strong><br \/>\nEn particulier, si les textes sont reproduits sur un site web, le code HTML suivant doit \u00eatre ins\u00e9r\u00e9 au d\u00e9but ou \u00e0 la fin du texte<br \/>\n<span style=\"color: red;\"><br \/>\nTexte original publi\u00e9 par &lt; a href = \u00ab\u00a0https:\/\/www.barbadosinfo.it\u00a0\u00bb&gt; Barbados Info &lt; \/ a &gt;<\/span><\/p>\n<p><strong>Non-commercial &#8211; Vous ne pouvez pas utiliser cette \u0153uvre \u00e0 des fins commerciales.<\/strong><br \/>\nEn particulier, les textes ne peuvent \u00eatre utilis\u00e9s, sans autorisation, sur des sites web d&rsquo;entreprises ou des sites web qui, d&rsquo;une mani\u00e8re ou d&rsquo;une autre, pr\u00e9sentent des publicit\u00e9s (banni\u00e8res, adsense, etc.).<\/p>\n<p><strong>Pas d&rsquo;\u0153uvres d\u00e9riv\u00e9es &#8211; Vous ne pouvez pas modifier ou transformer cette \u0153uvre ni l&rsquo;utiliser pour cr\u00e9er une autre \u0153uvre.<\/strong><br \/>\nEn particulier, les textes doivent \u00eatre reproduits dans leur int\u00e9gralit\u00e9 et sans modification.<\/p>\n<p><strong>Tout le reste du site : structure, photos, vid\u00e9os, musique, marques, etc. est prot\u00e9g\u00e9 par les droits d&rsquo;auteur de leurs auteurs respectifs.<\/strong><\/p>\n<p><a href=\"https:\/\/www.copyscape.com\/\"><img loading=\"lazy\" decoding=\"async\" title=\"Protected by Copyscape Plagiarism Checker - Do not copy content from this page.\" src=\"https:\/\/banners.copyscape.com\/img\/copyscape-banner-white-200x25.png\" alt=\"Protected by Copyscape\" width=\"200\" height=\"25\" border=\"0\" \/><\/a><\/p>\n<div style=\"text-align: justify;\">Pour plus de d\u00e9tails sur la licence: <a href=\"https:\/\/creativecommons.org\/\">Creative Commons<\/a><\/div>\n<\/div>\n<hr \/>\n","protected":false},"excerpt":{"rendered":"<p>Les textes sur barbadosinfo.it sont diffus&eacute;s sous la licence Creative Commons Creative Commons (Attribution &ndash; Non commercial &ndash; Pas de travaux d&eacute;riv&eacute;s 4.0) cela signifie que vous &ecirc;tes libre de reproduire, distribuer, communiquer au public, afficher publiquement, ex&eacute;cuter et r&eacute;citer les textes de cette &oelig;uvre dans les conditions suivantes :&#8230; <a class=\"continue-reading-link\" href=\"https:\/\/barbadosinfo.it\/fr\/cc-licenze\/\">Continue reading<\/a><\/p>\n","protected":false},"author":1,"featured_media":0,"parent":0,"menu_order":0,"comment_status":"closed","ping_status":"closed","template":"","meta":{"footnotes":""},"class_list":["post-405","page","type-page","status-publish","hentry"],"_links":{"self":[{"href":"https:\/\/barbadosinfo.it\/fr\/wp-json\/wp\/v2\/pages\/405","targetHints":{"allow":["GET"]}}],"collection":[{"href":"https:\/\/barbadosinfo.it\/fr\/wp-json\/wp\/v2\/pages"}],"about":[{"href":"https:\/\/barbadosinfo.it\/fr\/wp-json\/wp\/v2\/types\/page"}],"author":[{"embeddable":true,"href":"https:\/\/barbadosinfo.it\/fr\/wp-json\/wp\/v2\/users\/1"}],"replies":[{"embeddable":true,"href":"https:\/\/barbadosinfo.it\/fr\/wp-json\/wp\/v2\/comments?post=405"}],"version-history":[{"count":2,"href":"https:\/\/barbadosinfo.it\/fr\/wp-json\/wp\/v2\/pages\/405\/revisions"}],"predecessor-version":[{"id":580,"href":"https:\/\/barbadosinfo.it\/fr\/wp-json\/wp\/v2\/pages\/405\/revisions\/580"}],"wp:attachment":[{"href":"https:\/\/barbadosinfo.it\/fr\/wp-json\/wp\/v2\/media?parent=405"}],"curies":[{"name":"wp","href":"https:\/\/api.w.org\/{rel}","templated":true}]}}