{"id":39,"date":"2022-02-19T23:39:38","date_gmt":"2022-02-19T22:39:38","guid":{"rendered":"https:\/\/www.tropici.dev.cc\/?page_id=39"},"modified":"2022-08-10T23:35:12","modified_gmt":"2022-08-10T21:35:12","slug":"flying-fish","status":"publish","type":"page","link":"https:\/\/barbadosinfo.it\/fr\/voyage-a-barbade\/flying-fish\/","title":{"rendered":"Flying fish"},"content":{"rendered":"<p class=\"has-text-align-right\" style=\"text-align: right;\"><strong><em>Un voyage \u00e0 la Barbade<\/em><\/strong><\/p>\r\n<!-- \/wp:post-content -->\r\n\r\n<!-- wp:paragraph -->\r\n\r\n\u00c0 <strong>la Barbade<\/strong>, le poisson frais n&rsquo;est pas une chim\u00e8re. Les bateaux de p\u00eache se balancent nombreux dans les baies et dans chaque ville ou village, grand ou petit, il y a un march\u00e9 aux poissons. Celui d&rsquo;<strong>Oistins<\/strong> est le plus c\u00e9l\u00e8bre, mentionn\u00e9 dans tous les guides. De grands <em>mahi-mahi<\/em> \u00e0 la peau brillante sont expos\u00e9s entiers et vendus \u00e0 la tranche ou fra\u00eechement filet\u00e9s sur des bancs d\u00e9goulinants d&rsquo;eau, ainsi que des marlins, des espadons et d&rsquo;innombrables autres poissons \u00e0 l&rsquo;aspect peu familier.\r\n\r\n<div id=\"attachment_238\" style=\"width: 650px\" class=\"wp-caption aligncenter\"><img loading=\"lazy\" decoding=\"async\" aria-describedby=\"caption-attachment-238\" class=\"wp-image-238 size-full\" title=\"Mecato del pesce Barbados\" src=\"https:\/\/barbadosinfo.it\/wp-content\/uploads\/2022\/02\/Oistins-Barbados.jpg\" alt=\"Mecato del pesce Barbados\" width=\"640\" height=\"426\" srcset=\"https:\/\/barbadosinfo.it\/wp-content\/uploads\/2022\/02\/Oistins-Barbados.jpg 640w, https:\/\/barbadosinfo.it\/wp-content\/uploads\/2022\/02\/Oistins-Barbados-300x200.jpg 300w, https:\/\/barbadosinfo.it\/wp-content\/uploads\/2022\/02\/Oistins-Barbados-526x350.jpg 526w, https:\/\/barbadosinfo.it\/wp-content\/uploads\/2022\/02\/Oistins-Barbados-150x100.jpg 150w\" sizes=\"auto, (max-width: 640px) 100vw, 640px\" \/><p id=\"caption-attachment-238\" class=\"wp-caption-text\">March\u00e9 aux poissons &#8211; Barbade | Photo par <a href=\"https:\/\/www.facebook.com\/Il-Gatto-Viaggiatore-104501031660557\"> P.L. Paolini<\/a><\/p><\/div>\r\n\r\n<!-- \/wp:paragraph --><!-- wp:paragraph -->\r\n\r\nLe poisson national, quant \u00e0 lui, est le <em><strong>flying fish<\/strong><\/em>, une sorte de sardine dot\u00e9e d&rsquo;ailes dont le go\u00fbt ressemble quelque peu \u00e0 celui des sardines. Des \u00e9tals du march\u00e9 aux friteries situ\u00e9es \u00e0 c\u00f4t\u00e9, entre la rue et la plage, l&rsquo;\u00e9tape est courte : apr\u00e8s avoir retir\u00e9 les ailes et l&rsquo;ar\u00eate centrale, le <em>flying fis<\/em>h vole directement dans l&rsquo;huile chaude ou sur le gril, mais pas avant d&rsquo;\u00eatre aromatis\u00e9 avec des herbes et des \u00e9pices. C&rsquo;est bon et bon march\u00e9 ; une assiette de poisson volant frit et une bi\u00e8re aux \u00e9tals du march\u00e9 ne co\u00fbtent pas plus de 7-8 dollars de la Barbade (environ 4 USD).\r\n\r\n<div id=\"attachment_239\" style=\"width: 650px\" class=\"wp-caption aligncenter\"><img loading=\"lazy\" decoding=\"async\" aria-describedby=\"caption-attachment-239\" class=\"wp-image-239 size-full\" title=\"Oistins Barbados\" src=\"https:\/\/barbadosinfo.it\/wp-content\/uploads\/2022\/02\/Oistins2-Barbados.jpg\" alt=\"Oistins Barbados\" width=\"640\" height=\"426\" srcset=\"https:\/\/barbadosinfo.it\/wp-content\/uploads\/2022\/02\/Oistins2-Barbados.jpg 640w, https:\/\/barbadosinfo.it\/wp-content\/uploads\/2022\/02\/Oistins2-Barbados-300x200.jpg 300w, https:\/\/barbadosinfo.it\/wp-content\/uploads\/2022\/02\/Oistins2-Barbados-526x350.jpg 526w, https:\/\/barbadosinfo.it\/wp-content\/uploads\/2022\/02\/Oistins2-Barbados-150x100.jpg 150w\" sizes=\"auto, (max-width: 640px) 100vw, 640px\" \/><p id=\"caption-attachment-239\" class=\"wp-caption-text\">Oistins &#8211; Barbade | Photo par <a href=\"https:\/\/www.facebook.com\/Il-Gatto-Viaggiatore-104501031660557\"> P.L. Paolini<\/a><\/p><\/div>\r\n\r\n<!-- \/wp:paragraph --><!-- wp:paragraph -->\r\n\r\nAu march\u00e9 d&rsquo;<em>Oistins<\/em>, il y a toujours quelques \u00e9tals en activit\u00e9 \u00e0 n&rsquo;importe quelle heure de la journ\u00e9e, mais c&rsquo;est au coucher du soleil que l&rsquo;atmosph\u00e8re devient plus anim\u00e9e, bien qu&rsquo;\u00e0 certains \u00e9gards plus artificielle. Le point culminant est atteint le week-end, lorsque, comme lors des f\u00eates de village, des foules de touristes se m\u00ealent aux habitants. De la fum\u00e9e s&rsquo;\u00e9chappe de grandes casseroles remplies d&rsquo;huile, la musique retentit et la bi\u00e8re et le rhum coulent \u00e0 flots : bienvenue au <em>Friday Night Fish.<\/em>\r\n<br>\r\n\r\n<img loading=\"lazy\" decoding=\"async\" class=\"alignnone wp-image-123\" src=\"https:\/\/barbadosinfo.it\/wp-content\/uploads\/2022\/02\/frecciarossabig.png\" alt=\"freccia rossa\" width=\"50\" height=\"50\" \/><a href=\"https:\/\/www.barbadosinfo.it\/fr\/voyage-a-barbade\/rum-shop\/\"> <b>Rum Shop<\/b><\/a>\r\n\r\n<!-- \/wp:paragraph -->","protected":false},"excerpt":{"rendered":"<p>Un voyage &agrave; la Barbade &Agrave; la Barbade, le poisson frais n&rsquo;est pas une chim&egrave;re. Les bateaux de p&ecirc;che se balancent nombreux dans les baies et dans chaque ville ou village, grand ou petit, il y a un march&eacute; aux poissons. Celui d&rsquo;Oistins est le plus c&eacute;l&egrave;bre, mentionn&eacute; dans tous&#8230; <a class=\"continue-reading-link\" href=\"https:\/\/barbadosinfo.it\/fr\/voyage-a-barbade\/flying-fish\/\">Continue reading<\/a><\/p>\n","protected":false},"author":1,"featured_media":0,"parent":21,"menu_order":3,"comment_status":"closed","ping_status":"closed","template":"","meta":{"footnotes":""},"class_list":["post-39","page","type-page","status-publish","hentry"],"_links":{"self":[{"href":"https:\/\/barbadosinfo.it\/fr\/wp-json\/wp\/v2\/pages\/39","targetHints":{"allow":["GET"]}}],"collection":[{"href":"https:\/\/barbadosinfo.it\/fr\/wp-json\/wp\/v2\/pages"}],"about":[{"href":"https:\/\/barbadosinfo.it\/fr\/wp-json\/wp\/v2\/types\/page"}],"author":[{"embeddable":true,"href":"https:\/\/barbadosinfo.it\/fr\/wp-json\/wp\/v2\/users\/1"}],"replies":[{"embeddable":true,"href":"https:\/\/barbadosinfo.it\/fr\/wp-json\/wp\/v2\/comments?post=39"}],"version-history":[{"count":2,"href":"https:\/\/barbadosinfo.it\/fr\/wp-json\/wp\/v2\/pages\/39\/revisions"}],"predecessor-version":[{"id":567,"href":"https:\/\/barbadosinfo.it\/fr\/wp-json\/wp\/v2\/pages\/39\/revisions\/567"}],"up":[{"embeddable":true,"href":"https:\/\/barbadosinfo.it\/fr\/wp-json\/wp\/v2\/pages\/21"}],"wp:attachment":[{"href":"https:\/\/barbadosinfo.it\/fr\/wp-json\/wp\/v2\/media?parent=39"}],"curies":[{"name":"wp","href":"https:\/\/api.w.org\/{rel}","templated":true}]}}