{"id":37,"date":"2022-02-19T23:38:47","date_gmt":"2022-02-19T22:38:47","guid":{"rendered":"https:\/\/www.tropici.dev.cc\/?page_id=37"},"modified":"2022-08-10T23:37:41","modified_gmt":"2022-08-10T21:37:41","slug":"bathsheba","status":"publish","type":"page","link":"https:\/\/barbadosinfo.it\/fr\/voyage-a-barbade\/bathsheba\/","title":{"rendered":"Bathsheba"},"content":{"rendered":"<p class=\"has-text-align-right\" style=\"text-align: right;\"><strong><em>Un voyage \u00e0 la Barbade<\/em><\/strong><\/p>\r\n<!-- \/wp:post-content -->\r\n\r\n<!-- wp:paragraph -->\r\n\r\n<strong>La Barbade<\/strong> a la forme d&rsquo;une poire et est en grande partie plate, \u00e0 l&rsquo;exception des douces \u00e9l\u00e9vations centrales qui servent de division naturelle entre la c\u00f4te ouest, avec ses plages blanches de carte postale et ses h\u00f4tels tape-\u00e0-l&rsquo;\u0153il, et la c\u00f4te est, avec ses falaises, ses plages sans fin et ses longues vagues qui se poursuivent dans des nuages d&#8217;embruns sal\u00e9s. Plus que des paysages diff\u00e9rents, ce sont deux mondes diff\u00e9rents et deux \u00e2mes diff\u00e9rentes.\r\n\r\n<div id=\"attachment_235\" style=\"width: 650px\" class=\"wp-caption aligncenter\"><img loading=\"lazy\" decoding=\"async\" aria-describedby=\"caption-attachment-235\" class=\"wp-image-235 size-full\" title=\"Bathsheba - Barbados\" src=\"https:\/\/barbadosinfo.it\/wp-content\/uploads\/2022\/02\/Bathsheba-Barbados.jpg\" alt=\"Bathsheba - Barbados\" width=\"640\" height=\"426\" srcset=\"https:\/\/barbadosinfo.it\/wp-content\/uploads\/2022\/02\/Bathsheba-Barbados.jpg 640w, https:\/\/barbadosinfo.it\/wp-content\/uploads\/2022\/02\/Bathsheba-Barbados-300x200.jpg 300w, https:\/\/barbadosinfo.it\/wp-content\/uploads\/2022\/02\/Bathsheba-Barbados-526x350.jpg 526w, https:\/\/barbadosinfo.it\/wp-content\/uploads\/2022\/02\/Bathsheba-Barbados-150x100.jpg 150w\" sizes=\"auto, (max-width: 640px) 100vw, 640px\" \/><p id=\"caption-attachment-235\" class=\"wp-caption-text\">Bathsheba &#8211; Barbade | Photo par <a href=\"https:\/\/www.facebook.com\/Il-Gatto-Viaggiatore-104501031660557\"> P.L. Paolini<\/a><\/p><\/div>\r\n\r\n<!-- \/wp:paragraph --><!-- wp:paragraph -->\r\n\r\n<strong>Bathsheba<\/strong> est la \u00ab\u00a0<em>capitale<\/em>\u00a0\u00bb de la c\u00f4te atlantique. L&rsquo;un des endroits les plus photographi\u00e9s de l&rsquo;\u00eele. Les grands blocs de calcaire \u00e9miett\u00e9s par l&rsquo;oc\u00e9an et la plage solitaire, sur laquelle tombent des cascades d&rsquo;\u00e9cume, pourraient facilement appartenir \u00e0 d&rsquo;autres latitudes. Mais la v\u00e9g\u00e9tation qui s&rsquo;\u00e9tend presque jusqu&rsquo;\u00e0 la mer, une poign\u00e9e de maisons color\u00e9es et quelques bars aux toits de t\u00f4le rappellent les tropiques. Il y r\u00e8gne une atmosph\u00e8re agr\u00e9ablement d\u00e9tendue qui rappelle vaguement certaines sc\u00e8nes du <em>Puerto Escondido<\/em> de <em>Salvatores<\/em>. Ou peut-\u00eatre la Californie du Sud, mais plus pour les surfeurs que pour le paysage ; ils viennent \u00e0 <em>Bathsheba<\/em> pour s&rsquo;essayer au Soup Bowl, o\u00f9 se forment pour <em>Kelly Slater<\/em> et consorts les meilleures vagues des Cara\u00efbes. Nous les regardons voler au-dessus des vagues alors que le ciel change \u00e0 nouveau d&rsquo;aspect, que des nuages s&rsquo;approchent du large de fa\u00e7on mena\u00e7ante et qu&rsquo;un vent chaud secoue les palmiers. Au-del\u00e0 de la plage, la terre la plus proche est le S\u00e9n\u00e9gal, \u00e0 4 547 km. Entre les deux, il n&rsquo;y a que l&rsquo;Atlantique.\r\n\r\n<div id=\"attachment_236\" style=\"width: 650px\" class=\"wp-caption aligncenter\"><img loading=\"lazy\" decoding=\"async\" aria-describedby=\"caption-attachment-236\" class=\"wp-image-236 size-full\" title=\"Bathsheba - Barbados\" src=\"https:\/\/www.barbadosinfo.it\/wp-content\/uploads\/2022\/02\/Bathsheba2-Barbados.jpg\" alt=\"Bathsheba Barbados\" width=\"640\" height=\"345\" srcset=\"https:\/\/barbadosinfo.it\/wp-content\/uploads\/2022\/02\/Bathsheba2-Barbados.jpg 640w, https:\/\/barbadosinfo.it\/wp-content\/uploads\/2022\/02\/Bathsheba2-Barbados-300x162.jpg 300w, https:\/\/barbadosinfo.it\/wp-content\/uploads\/2022\/02\/Bathsheba2-Barbados-150x81.jpg 150w\" sizes=\"auto, (max-width: 640px) 100vw, 640px\" \/><p id=\"caption-attachment-236\" class=\"wp-caption-text\">Bathsheba &#8211; Barbade | Photo par <a href=\"https:\/\/www.facebook.com\/Il-Gatto-Viaggiatore-104501031660557\"> P.L. Paolini<\/a><\/p><\/div>\r\n\r\n<!-- \/wp:paragraph --><!-- wp:paragraph -->\r\n\r\nAu comptoir du <em>Sea Side Bar,<\/em> il y a une moiti\u00e9 de surfeurs et une moiti\u00e9 de locaux, ainsi qu&rsquo;un homme p\u00e2le d&rsquo;une quarantaine d&rsquo;ann\u00e9es aux cheveux longs attach\u00e9s en queue de cheval, probablement un expatri\u00e9. Il donne l&rsquo;impression d&rsquo;\u00eatre un habitu\u00e9 du bar, assis \u00e0 l&rsquo;une des rares tables ext\u00e9rieures, une <em>Banks<\/em> glac\u00e9e \u00e0 la main. C&rsquo;est l&rsquo;heure du d\u00e9jeuner et les plats, pr\u00e9par\u00e9s \u00e0 l&rsquo;avance et plac\u00e9s dans de grandes casseroles en acier, sont r\u00e9chauff\u00e9s puis servis \u00e0 la h\u00e2te. Rien ne presse. Aujourd&rsquo;hui, il y a du poulet accompagn\u00e9 de l&rsquo;in\u00e9vitable riz saut\u00e9 et du poisson frit. <em>Porkfish?<\/em>&nbsp; Essayons, pourquoi pas, l&rsquo;homme assis au bar dit que c&rsquo;est bon, et c&rsquo;est un local.\r\n\r\n<br>\r\n\r\n<img loading=\"lazy\" decoding=\"async\" class=\"alignnone wp-image-123\" src=\"https:\/\/barbadosinfo.it\/wp-content\/uploads\/2022\/02\/frecciarossabig.png\" alt=\"frecciarossabig\" width=\"50\" height=\"50\" \/> <a href=\"https:\/\/www.barbadosinfo.it\/fr\/voyage-a-barbade\/flying-fish\/\"><b>Flying fish<\/b><\/a>\r\n\r\n<!-- \/wp:paragraph -->","protected":false},"excerpt":{"rendered":"<p>Un voyage &agrave; la Barbade La Barbade a la forme d&rsquo;une poire et est en grande partie plate, &agrave; l&rsquo;exception des douces &eacute;l&eacute;vations centrales qui servent de division naturelle entre la c&ocirc;te ouest, avec ses plages blanches de carte postale et ses h&ocirc;tels tape-&agrave;-l&rsquo;&oelig;il, et la c&ocirc;te est, avec ses&#8230; <a class=\"continue-reading-link\" href=\"https:\/\/barbadosinfo.it\/fr\/voyage-a-barbade\/bathsheba\/\">Continue reading<\/a><\/p>\n","protected":false},"author":1,"featured_media":0,"parent":21,"menu_order":-2,"comment_status":"closed","ping_status":"closed","template":"","meta":{"footnotes":""},"class_list":["post-37","page","type-page","status-publish","hentry"],"_links":{"self":[{"href":"https:\/\/barbadosinfo.it\/fr\/wp-json\/wp\/v2\/pages\/37","targetHints":{"allow":["GET"]}}],"collection":[{"href":"https:\/\/barbadosinfo.it\/fr\/wp-json\/wp\/v2\/pages"}],"about":[{"href":"https:\/\/barbadosinfo.it\/fr\/wp-json\/wp\/v2\/types\/page"}],"author":[{"embeddable":true,"href":"https:\/\/barbadosinfo.it\/fr\/wp-json\/wp\/v2\/users\/1"}],"replies":[{"embeddable":true,"href":"https:\/\/barbadosinfo.it\/fr\/wp-json\/wp\/v2\/comments?post=37"}],"version-history":[{"count":2,"href":"https:\/\/barbadosinfo.it\/fr\/wp-json\/wp\/v2\/pages\/37\/revisions"}],"predecessor-version":[{"id":584,"href":"https:\/\/barbadosinfo.it\/fr\/wp-json\/wp\/v2\/pages\/37\/revisions\/584"}],"up":[{"embeddable":true,"href":"https:\/\/barbadosinfo.it\/fr\/wp-json\/wp\/v2\/pages\/21"}],"wp:attachment":[{"href":"https:\/\/barbadosinfo.it\/fr\/wp-json\/wp\/v2\/media?parent=37"}],"curies":[{"name":"wp","href":"https:\/\/api.w.org\/{rel}","templated":true}]}}