{"id":35,"date":"2022-02-19T23:37:20","date_gmt":"2022-02-19T22:37:20","guid":{"rendered":"https:\/\/www.tropici.dev.cc\/?page_id=35"},"modified":"2022-08-10T23:29:28","modified_gmt":"2022-08-10T21:29:28","slug":"giardini-tropicali","status":"publish","type":"page","link":"https:\/\/barbadosinfo.it\/fr\/voyage-a-barbade\/jardin-tropical\/","title":{"rendered":"Jardins tropicaux"},"content":{"rendered":"<p class=\"has-text-align-right\" style=\"text-align: right;\"><strong><em>Un voyage \u00e0 la Barbade<\/em><\/strong><\/p>\r\n<!-- \/wp:post-content -->\r\n\r\n<!-- wp:paragraph -->\r\n\r\na premi\u00e8re \u00e9tape de notre visite des jardins botaniques de la Barbade \u00e9tait les c\u00e9l\u00e8bres <a href=\"http:\/\/www.andromedabarbados.com\/\"><strong><em>Andromeda Gardens<\/em><\/strong><\/a>, cr\u00e9\u00e9s par Iris Bailey Bannochie, une grande sp\u00e9cialiste de l&rsquo;horticulture tropicale et membre fondateur du <em>Barbados National Trust.<\/em> L&rsquo;exp\u00e9rience \u00e9tait certes agr\u00e9able, mais nous avions vu de nombreux jardins de ce type sous les tropiques.\r\n\r\n<div id=\"attachment_214\" style=\"width: 650px\" class=\"wp-caption aligncenter\"><img loading=\"lazy\" decoding=\"async\" aria-describedby=\"caption-attachment-214\" class=\"wp-image-214 size-full\" title=\"Caesalpinia - Andromeda Garden - Barbados\" src=\"https:\/\/barbadosinfo.it\/wp-content\/uploads\/2022\/02\/Caesalpinia-Andromeda-Garden-Barbados.jpg\" alt=\"Caesalpinia - Andromeda Garden - Barbados\" width=\"640\" height=\"426\" srcset=\"https:\/\/barbadosinfo.it\/wp-content\/uploads\/2022\/02\/Caesalpinia-Andromeda-Garden-Barbados.jpg 640w, https:\/\/barbadosinfo.it\/wp-content\/uploads\/2022\/02\/Caesalpinia-Andromeda-Garden-Barbados-300x200.jpg 300w, https:\/\/barbadosinfo.it\/wp-content\/uploads\/2022\/02\/Caesalpinia-Andromeda-Garden-Barbados-526x350.jpg 526w, https:\/\/barbadosinfo.it\/wp-content\/uploads\/2022\/02\/Caesalpinia-Andromeda-Garden-Barbados-150x100.jpg 150w\" sizes=\"auto, (max-width: 640px) 100vw, 640px\" \/><p id=\"caption-attachment-214\" class=\"wp-caption-text\">Caesalpinia \u2013 Jardins d&rsquo;Androm\u00e8de &#8211; Barbade | Photo par<a href=\"https:\/\/www.facebook.com\/Il-Gatto-Viaggiatore-104501031660557\"> P.L. Paolini<\/a><\/p><\/div>\r\n\r\nLa <strong><em><a href=\"https:\/\/www.flowerforestbarbados.com\/\">Flower Forest<\/a><\/em><\/strong>, par contre, nous l&rsquo;avions laiss\u00e9e pour la fin. Nous \u00e9tions loin de nous douter que, cach\u00e9 au milieu des collines du <em>Scotland District<\/em>, se trouvait un jardin des merveilles.\r\n\r\nDes esprits ing\u00e9nieux ont arrang\u00e9 de mani\u00e8re apparemment sauvage cette rare collection de plantes et de fleurs exotiques, recueillies aux quatre coins de la plan\u00e8te, des \u00eeles du Pacifique \u00e0 l&rsquo;Inde, de l&rsquo;Afrique \u00e0 l&rsquo;Am\u00e9rique du Sud, des coins les plus recul\u00e9s des for\u00eats malaisiennes aux prairies mexicaines. Le r\u00e9sultat est un environnement enchant\u00e9, unique au monde : sous une canop\u00e9e form\u00e9e de palmiers royaux, de frangipaniers et de flamboyants de vingt m\u00e8tres et plus de haut, les h\u00e9liconias et les liliums asiatiques explosent avec la fleur de gingembre torche, voyante et psych\u00e9d\u00e9lique.\r\n\r\n<div id=\"attachment_216\" style=\"width: 650px\" class=\"wp-caption aligncenter\"><img loading=\"lazy\" decoding=\"async\" aria-describedby=\"caption-attachment-216\" class=\"wp-image-216 size-full\" title=\"torch ginger Flover Forest Barbados\" src=\"https:\/\/barbadosinfo.it\/wp-content\/uploads\/2022\/02\/torch-ginger-Flover-Forest-Barbados.jpg\" alt=\"torch ginger Flover Forest Barbados\" width=\"640\" height=\"426\" srcset=\"https:\/\/barbadosinfo.it\/wp-content\/uploads\/2022\/02\/torch-ginger-Flover-Forest-Barbados.jpg 640w, https:\/\/barbadosinfo.it\/wp-content\/uploads\/2022\/02\/torch-ginger-Flover-Forest-Barbados-300x200.jpg 300w, https:\/\/barbadosinfo.it\/wp-content\/uploads\/2022\/02\/torch-ginger-Flover-Forest-Barbados-526x350.jpg 526w, https:\/\/barbadosinfo.it\/wp-content\/uploads\/2022\/02\/torch-ginger-Flover-Forest-Barbados-150x100.jpg 150w\" sizes=\"auto, (max-width: 640px) 100vw, 640px\" \/><p id=\"caption-attachment-216\" class=\"wp-caption-text\">Torche Gingembre \u2013 Flower Forest &#8211; Barbade | Photo par <a href=\"https:\/\/www.facebook.com\/Il-Gatto-Viaggiatore-104501031660557\"> P.L. Paolini<\/a><\/p><\/div>\r\n\r\nMais le plus frappant est l&rsquo;ordre dans le d\u00e9sordre, l&rsquo;\u00e9quilibre des formes et l&rsquo;extraordinaire harmonie chromatique d&rsquo;un environnement qui, malgr\u00e9 la main de l&rsquo;homme, est une pure expression de l&rsquo;exub\u00e9rance tropicale. Depuis le <em>Liv&rsquo;s lookout<\/em>, o\u00f9 le chemin fait une courbe prononc\u00e9e, la vue est \u00e0 couper le souffle : un va-et-vient de collines tapiss\u00e9es de prairies et de palmiers, qui culmine aux 340 m\u00e8tres du point culminant de l&rsquo;\u00eele, pompeusement nomm\u00e9 Mount Hillaby. En arri\u00e8re-plan, l&rsquo;Atlantique majestueux et <em>Long Pond Beach<\/em>.\r\n\r\n<div id=\"attachment_217\" style=\"width: 650px\" class=\"wp-caption aligncenter\"><img loading=\"lazy\" decoding=\"async\" aria-describedby=\"caption-attachment-217\" class=\"wp-image-217 size-full\" title=\"Mount Hillaby Barbados\" src=\"https:\/\/barbadosinfo.it\/wp-content\/uploads\/2022\/02\/Mount-Hillaby-Barbados.jpg\" alt=\"Mount Hillaby Barbados\" width=\"640\" height=\"426\" srcset=\"https:\/\/barbadosinfo.it\/wp-content\/uploads\/2022\/02\/Mount-Hillaby-Barbados.jpg 640w, https:\/\/barbadosinfo.it\/wp-content\/uploads\/2022\/02\/Mount-Hillaby-Barbados-300x200.jpg 300w, https:\/\/barbadosinfo.it\/wp-content\/uploads\/2022\/02\/Mount-Hillaby-Barbados-526x350.jpg 526w, https:\/\/barbadosinfo.it\/wp-content\/uploads\/2022\/02\/Mount-Hillaby-Barbados-150x100.jpg 150w\" sizes=\"auto, (max-width: 640px) 100vw, 640px\" \/><p id=\"caption-attachment-217\" class=\"wp-caption-text\">Mt. Hillaby &#8211; Barbade | Photo par <a href=\"https:\/\/www.facebook.com\/Il-Gatto-Viaggiatore-104501031660557\"> P.L. Paolini<\/a><\/p><\/div>\r\n\r\n&nbsp;\r\n\r\n&nbsp;&nbsp;&nbsp;<img loading=\"lazy\" decoding=\"async\" class=\"alignnone size-full wp-image-187\" src=\"https:\/\/barbadosinfo.it\/wp-content\/uploads\/2022\/02\/frecciarossabig.png\" alt=\"frecciarossabig\" width=\"50\" height=\"50\" \/>&nbsp; <b><\/b><b><a href=\"https:\/\/www.barbadosinfo.it\/fr\/voyage-a-barbade\/bathsheba\/\">Bathsheba<\/a><\/b>\r\n<p class=\"western\">&nbsp;<\/p>\r\n<!-- \/wp:paragraph -->","protected":false},"excerpt":{"rendered":"<p>Un voyage &agrave; la Barbade a premi&egrave;re &eacute;tape de notre visite des jardins botaniques de la Barbade &eacute;tait les c&eacute;l&egrave;bres Andromeda Gardens, cr&eacute;&eacute;s par Iris Bailey Bannochie, une grande sp&eacute;cialiste de l&rsquo;horticulture tropicale et membre fondateur du Barbados National Trust. L&rsquo;exp&eacute;rience &eacute;tait certes agr&eacute;able, mais nous avions vu de nombreux&#8230; <a class=\"continue-reading-link\" href=\"https:\/\/barbadosinfo.it\/fr\/voyage-a-barbade\/jardin-tropical\/\">Continue reading<\/a><\/p>\n","protected":false},"author":1,"featured_media":0,"parent":21,"menu_order":-1,"comment_status":"closed","ping_status":"closed","template":"","meta":{"footnotes":""},"class_list":["post-35","page","type-page","status-publish","hentry"],"_links":{"self":[{"href":"https:\/\/barbadosinfo.it\/fr\/wp-json\/wp\/v2\/pages\/35","targetHints":{"allow":["GET"]}}],"collection":[{"href":"https:\/\/barbadosinfo.it\/fr\/wp-json\/wp\/v2\/pages"}],"about":[{"href":"https:\/\/barbadosinfo.it\/fr\/wp-json\/wp\/v2\/types\/page"}],"author":[{"embeddable":true,"href":"https:\/\/barbadosinfo.it\/fr\/wp-json\/wp\/v2\/users\/1"}],"replies":[{"embeddable":true,"href":"https:\/\/barbadosinfo.it\/fr\/wp-json\/wp\/v2\/comments?post=35"}],"version-history":[{"count":2,"href":"https:\/\/barbadosinfo.it\/fr\/wp-json\/wp\/v2\/pages\/35\/revisions"}],"predecessor-version":[{"id":563,"href":"https:\/\/barbadosinfo.it\/fr\/wp-json\/wp\/v2\/pages\/35\/revisions\/563"}],"up":[{"embeddable":true,"href":"https:\/\/barbadosinfo.it\/fr\/wp-json\/wp\/v2\/pages\/21"}],"wp:attachment":[{"href":"https:\/\/barbadosinfo.it\/fr\/wp-json\/wp\/v2\/media?parent=35"}],"curies":[{"name":"wp","href":"https:\/\/api.w.org\/{rel}","templated":true}]}}