{"id":158,"date":"2022-02-20T02:04:54","date_gmt":"2022-02-20T01:04:54","guid":{"rendered":"https:\/\/www.tropici.dev.cc\/?page_id=158"},"modified":"2023-09-18T18:49:12","modified_gmt":"2023-09-18T16:49:12","slug":"chi-siamo","status":"publish","type":"page","link":"https:\/\/barbadosinfo.it\/fr\/qui-nous-sommes\/","title":{"rendered":"Qui nous sommes"},"content":{"rendered":"<p style=\"text-align: justify;\"><strong>BarbadosInfo.it<\/strong> est n\u00e9 de l&rsquo;id\u00e9e d&rsquo;exp\u00e9rimenter de nouveaux canaux pour faire en sorte que les voyageurs qui se tournent vers l&rsquo;internet disposent de moins de clich\u00e9s et de plus de qualit\u00e9, de profondeur et d&rsquo;exhaustivit\u00e9 des informations.<\/p>\n<p><strong>Contacts<\/strong><\/p>\n<p>Pour des informations sur les voyages ou pour contacter l&rsquo;\u00e9quipe de r\u00e9daction :<br \/>\n<a href=\"#\" rel=\"nofollow\" onclick=\"this.href='mailto:' + 'redazione' + '@' + 'wp-travel.net'\">R\u00e9daction<\/a><\/p>\n<p><em>Pour signaler des probl\u00e8mes sur le site:<\/em><br \/>\n<a href=\"#\" rel=\"nofollow\" onclick=\"this.href='mailto:' + 'webmaster' + '@' + 'wp-travel.net'\">Webmaster<\/a><\/p>\n<hr \/>\n<p style=\"text-align: right;\"><em>BarbadosInfo.it est en m\u00e9moire de Betty<\/em><\/p>\n","protected":false},"excerpt":{"rendered":"<p>BarbadosInfo.it est n&eacute; de l&rsquo;id&eacute;e d&rsquo;exp&eacute;rimenter de nouveaux canaux pour faire en sorte que les voyageurs qui se tournent vers l&rsquo;internet disposent de moins de clich&eacute;s et de plus de qualit&eacute;, de profondeur et d&rsquo;exhaustivit&eacute; des informations. Contacts Pour des informations sur les voyages ou pour contacter l&rsquo;&eacute;quipe de r&eacute;daction&#8230; <a class=\"continue-reading-link\" href=\"https:\/\/barbadosinfo.it\/fr\/qui-nous-sommes\/\">Continue reading<\/a><\/p>\n","protected":false},"author":1,"featured_media":0,"parent":0,"menu_order":0,"comment_status":"closed","ping_status":"closed","template":"","meta":{"footnotes":""},"class_list":["post-158","page","type-page","status-publish","hentry"],"_links":{"self":[{"href":"https:\/\/barbadosinfo.it\/fr\/wp-json\/wp\/v2\/pages\/158","targetHints":{"allow":["GET"]}}],"collection":[{"href":"https:\/\/barbadosinfo.it\/fr\/wp-json\/wp\/v2\/pages"}],"about":[{"href":"https:\/\/barbadosinfo.it\/fr\/wp-json\/wp\/v2\/types\/page"}],"author":[{"embeddable":true,"href":"https:\/\/barbadosinfo.it\/fr\/wp-json\/wp\/v2\/users\/1"}],"replies":[{"embeddable":true,"href":"https:\/\/barbadosinfo.it\/fr\/wp-json\/wp\/v2\/comments?post=158"}],"version-history":[{"count":3,"href":"https:\/\/barbadosinfo.it\/fr\/wp-json\/wp\/v2\/pages\/158\/revisions"}],"predecessor-version":[{"id":629,"href":"https:\/\/barbadosinfo.it\/fr\/wp-json\/wp\/v2\/pages\/158\/revisions\/629"}],"wp:attachment":[{"href":"https:\/\/barbadosinfo.it\/fr\/wp-json\/wp\/v2\/media?parent=158"}],"curies":[{"name":"wp","href":"https:\/\/api.w.org\/{rel}","templated":true}]}}