{"id":153,"date":"2022-02-20T01:59:19","date_gmt":"2022-02-20T00:59:19","guid":{"rendered":"https:\/\/www.tropici.dev.cc\/?page_id=153"},"modified":"2022-06-02T23:28:27","modified_gmt":"2022-06-02T21:28:27","slug":"barbados-online","status":"publish","type":"page","link":"https:\/\/barbadosinfo.it\/fr\/barbados-online\/","title":{"rendered":"Barbados online"},"content":{"rendered":"<p>&nbsp;<\/p>\n<div><img loading=\"lazy\" decoding=\"async\" class=\"alignleft wp-image-360 size-full\" title=\"Governo di Barbados\" src=\"https:\/\/barbadosinfo.it\/wp-content\/uploads\/2022\/03\/www.gov_.bb_.jpg\" alt=\"Governo di Barbados\" width=\"250\" height=\"149\" srcset=\"https:\/\/barbadosinfo.it\/wp-content\/uploads\/2022\/03\/www.gov_.bb_.jpg 250w, https:\/\/barbadosinfo.it\/wp-content\/uploads\/2022\/03\/www.gov_.bb_-150x89.jpg 150w\" sizes=\"auto, (max-width: 250px) 100vw, 250px\" \/><\/div>\n<div>&nbsp;<\/div>\n<div>&nbsp;<\/div>\n<div><a href=\"http:\/\/www.gov.bb\" target=\"_blank\" rel=\"noopener noreferrer\">Government of Barbados Information Network<\/a><br \/>\nLe portail d&rsquo;information du gouvernement de la Barbade. En anglais.<\/div>\n<p>&nbsp;<\/p>\n<div><img loading=\"lazy\" decoding=\"async\" class=\"wp-image-361 size-full alignright\" title=\"Banca Centrale di Barbados\" src=\"https:\/\/barbadosinfo.it\/wp-content\/uploads\/2022\/03\/www.centralbank.org_.bb_.jpg\" alt=\"Banca Centrale di Barbados\" width=\"250\" height=\"142\" srcset=\"https:\/\/barbadosinfo.it\/wp-content\/uploads\/2022\/03\/www.centralbank.org_.bb_.jpg 250w, https:\/\/barbadosinfo.it\/wp-content\/uploads\/2022\/03\/www.centralbank.org_.bb_-150x85.jpg 150w\" sizes=\"auto, (max-width: 250px) 100vw, 250px\" \/><\/div>\n<div>&nbsp;<\/div>\n<div>&nbsp;<\/div>\n<div><a href=\"http:\/\/www.centralbank.org.bb\/\" target=\"_blank\" rel=\"noopener noreferrer\">Central Bank of Barbados<\/a><br \/>\nTout sur l&rsquo;\u00e9conomie, la finance, la monnaie et les devises sur le site de la Banque centrale de la Barbade. En anglais.<\/div>\n<p>&nbsp;<\/p>\n<div><img loading=\"lazy\" decoding=\"async\" class=\"alignleft size-full wp-image-362\" src=\"https:\/\/barbadosinfo.it\/wp-content\/uploads\/2022\/03\/www.totallybarbados.jpg\" alt=\"Barbadian o Bajan\" width=\"250\" height=\"144\" srcset=\"https:\/\/barbadosinfo.it\/wp-content\/uploads\/2022\/03\/www.totallybarbados.jpg 250w, https:\/\/barbadosinfo.it\/wp-content\/uploads\/2022\/03\/www.totallybarbados-150x86.jpg 150w\" sizes=\"auto, (max-width: 250px) 100vw, 250px\" \/><\/div>\n<div>&nbsp;<\/div>\n<div>&nbsp;<\/div>\n<div><a class=\"navbluebig\" href=\"http:\/\/www.totallybarbados.com\/barbados\/About_Barbados\/Local_Information\/People\/\" target=\"_blank\" rel=\"noopener noreferrer\">Barbadian or Bajan<\/a><br \/>\nPour en savoir plus sur les Barbadiens ou Bajan, les habitants de la Barbade. En anglais.<\/div>\n<p>&nbsp;<\/p>\n<div><img loading=\"lazy\" decoding=\"async\" class=\"wp-image-363 size-full alignright\" title=\"Barbados Yacht Club\" src=\"https:\/\/barbadosinfo.it\/wp-content\/uploads\/2022\/03\/barbadosyachtclub.jpg\" alt=\"Barbados Yacht Club\" width=\"250\" height=\"142\" srcset=\"https:\/\/barbadosinfo.it\/wp-content\/uploads\/2022\/03\/barbadosyachtclub.jpg 250w, https:\/\/barbadosinfo.it\/wp-content\/uploads\/2022\/03\/barbadosyachtclub-150x85.jpg 150w\" sizes=\"auto, (max-width: 250px) 100vw, 250px\" \/><\/div>\n<div>&nbsp;<\/div>\n<div>&nbsp;<\/div>\n<div><a class=\"navbluebig\" href=\"http:\/\/barbadosyachtclub.com\/\" target=\"_blank\" rel=\"noopener noreferrer\">The Barbados Yacht Club<\/a><br \/>\nCeux qui arrivent dans les Cara\u00efbes en bateau ou qui pr\u00e9voient d&rsquo;en louer un sur place ne doivent pas manquer de visiter le Barbados Yacht Club, fond\u00e9 en 1924. En anglais.<\/div>\n<p>&nbsp;<\/p>\n<div><img loading=\"lazy\" decoding=\"async\" class=\"alignleft wp-image-364 size-full\" title=\"Storia di Barbados\" src=\"https:\/\/barbadosinfo.it\/wp-content\/uploads\/2022\/03\/barbados.org_.jpg\" alt=\"Storia di Barbados\" width=\"250\" height=\"141\" srcset=\"https:\/\/barbadosinfo.it\/wp-content\/uploads\/2022\/03\/barbados.org_.jpg 250w, https:\/\/barbadosinfo.it\/wp-content\/uploads\/2022\/03\/barbados.org_-150x85.jpg 150w\" sizes=\"auto, (max-width: 250px) 100vw, 250px\" \/><\/div>\n<div>&nbsp;<\/div>\n<div>&nbsp;<\/div>\n<div><a class=\"navbluebig\" href=\"http:\/\/www.barbados.org\/history1.htm\" target=\"_blank\" rel=\"noopener noreferrer\">The Abbreviated History Of Barbados<\/a><br \/>\nPages d&rsquo;histoire de la Barbade: de la pr\u00e9histoire \u00e0 l&rsquo;ind\u00e9pendance. En anglais.<\/div>\n<p>&nbsp;<\/p>\n<div><img loading=\"lazy\" decoding=\"async\" class=\"wp-image-365 size-full alignright\" title=\"Pine Hill Dairy Barbados\" src=\"https:\/\/barbadosinfo.it\/wp-content\/uploads\/2022\/03\/thepinehilldairy.jpg\" alt=\"Pine Hill Dairy Barbados\" width=\"250\" height=\"139\" srcset=\"https:\/\/barbadosinfo.it\/wp-content\/uploads\/2022\/03\/thepinehilldairy.jpg 250w, https:\/\/barbadosinfo.it\/wp-content\/uploads\/2022\/03\/thepinehilldairy-150x83.jpg 150w\" sizes=\"auto, (max-width: 250px) 100vw, 250px\" \/><\/div>\n<div>&nbsp;<\/div>\n<div>&nbsp;<\/div>\n<div><a class=\"navbluebig\" href=\"https:\/\/www.facebook.com\/ThePineHillDairy\/\" target=\"_blank\" rel=\"noopener noreferrer\">Pine Hill Dairy<\/a><br \/>\nQuand on parle de lait, on imagine des montagnes et des vall\u00e9es alpines. Mais m\u00eame \u00e0 la Barbade, au milieu des Cara\u00efbes, il existe un producteur populaire de lait et de yaourt. En anglais.<\/div>\n<p>&nbsp;<\/p>\n<div><img loading=\"lazy\" decoding=\"async\" class=\"alignleft wp-image-366 size-full\" title=\"Ricette di Barbados\" src=\"https:\/\/barbadosinfo.it\/wp-content\/uploads\/2022\/03\/totallybarbados.com2_.png\" alt=\"Ricette di Barbados\" width=\"250\" height=\"130\" srcset=\"https:\/\/barbadosinfo.it\/wp-content\/uploads\/2022\/03\/totallybarbados.com2_.png 250w, https:\/\/barbadosinfo.it\/wp-content\/uploads\/2022\/03\/totallybarbados.com2_-150x78.png 150w\" sizes=\"auto, (max-width: 250px) 100vw, 250px\" \/><\/div>\n<div>&nbsp;<\/div>\n<div>&nbsp;<\/div>\n<div><a class=\"navbluebig\" href=\"https:\/\/www.totallybarbados.com\/articles\/barbados-recipes\/\" target=\"_blank\" rel=\"noopener noreferrer\">Barbados Recipes<\/a><br \/>\nDes recettes de plats typiques de la Barbade pour recr\u00e9er l&rsquo;ambiance des Cara\u00efbes chez soi. En anglais.<\/div>\n<p>&nbsp;<\/p>\n<div><img loading=\"lazy\" decoding=\"async\" class=\"wp-image-367 size-full alignright\" title=\"Mount Gay Rum Barbados\" src=\"https:\/\/barbadosinfo.it\/wp-content\/uploads\/2022\/03\/mountgayrum.jpg\" alt=\"Mount Gay Rum Barbados\" width=\"250\" height=\"134\" srcset=\"https:\/\/barbadosinfo.it\/wp-content\/uploads\/2022\/03\/mountgayrum.jpg 250w, https:\/\/barbadosinfo.it\/wp-content\/uploads\/2022\/03\/mountgayrum-150x80.jpg 150w\" sizes=\"auto, (max-width: 250px) 100vw, 250px\" \/><\/div>\n<div>&nbsp;<\/div>\n<div><a href=\"http:\/\/www.mountgay.com\/\" target=\"_blank\" rel=\"noopener noreferrer\">Mount Gay Rum<\/a><br \/>\nCe rhum fin est produit depuis 1709 et est appel\u00e9 \u00e0 juste titre \u00ab\u00a0<em>le rhum qui a invent\u00e9 le rhum<\/em>\u00ab\u00a0. Un site int\u00e9ressant et agr\u00e9able \u00e0 visiter. En anglais.<\/div>\n<p>&nbsp;<\/p>\n<div><img loading=\"lazy\" decoding=\"async\" class=\"alignleft wp-image-371 size-full\" title=\"Graeme hall national park Barbados\" src=\"https:\/\/barbadosinfo.it\/wp-content\/uploads\/2022\/03\/graemehallnationalpark.org_.jpg\" alt=\"Graeme hall national park Barbados\" width=\"250\" height=\"156\" srcset=\"https:\/\/barbadosinfo.it\/wp-content\/uploads\/2022\/03\/graemehallnationalpark.org_.jpg 250w, https:\/\/barbadosinfo.it\/wp-content\/uploads\/2022\/03\/graemehallnationalpark.org_-150x94.jpg 150w\" sizes=\"auto, (max-width: 250px) 100vw, 250px\" \/><\/div>\n<p class=\"h2 site-header__logo\"><a class=\"site-header__logo-link\" href=\"https:\/\/graemehallnationalpark.org\/\">Graeme Hall national park<\/a><\/p>\n<div>La Graeme Hall Wetland est l&rsquo;une des rares zones humides restantes et la derni\u00e8re for\u00eat de mangrove importante de la Barbade. Il s&rsquo;agit de l&rsquo;habitat essentiel de la paruline dor\u00e9e, une esp\u00e8ce d&rsquo;oiseau end\u00e9mique \u00e0 la Barbade, qui est menac\u00e9e.<\/div>\n<p>&nbsp;<\/p>\n<h4>JOURNAUX<\/h4>\n<p>&nbsp;<\/p>\n<div><img loading=\"lazy\" decoding=\"async\" class=\"size-full wp-image-383 alignright\" src=\"https:\/\/barbadosinfo.it\/wp-content\/uploads\/2022\/03\/nationnews.jpg\" alt=\"Giornali Barbados Nation News\" width=\"250\" height=\"132\" srcset=\"https:\/\/barbadosinfo.it\/wp-content\/uploads\/2022\/03\/nationnews.jpg 250w, https:\/\/barbadosinfo.it\/wp-content\/uploads\/2022\/03\/nationnews-150x79.jpg 150w\" sizes=\"auto, (max-width: 250px) 100vw, 250px\" \/><\/div>\n<div>&nbsp;<\/div>\n<div>&nbsp;<\/div>\n<div><a href=\"http:\/\/www.nationnews.com\/\" target=\"_blank\" rel=\"noopener\" data-wp-editing=\"1\">Nation News<\/a><\/div>\n<div>L&rsquo;un des journaux les plus populaires de la Barbade. Nouvelles, annonces et aussi beaucoup de publicit\u00e9. En anglais.<\/div>\n<p>&nbsp;<\/p>\n<p>&nbsp;<\/p>\n<p><img loading=\"lazy\" decoding=\"async\" class=\"alignleft wp-image-384 size-full\" title=\"Giornali Barbados Advocate\" src=\"https:\/\/barbadosinfo.it\/wp-content\/uploads\/2022\/03\/barbadosadvocate.jpg\" alt=\"Giornali Barbados Advocate\" width=\"250\" height=\"131\" srcset=\"https:\/\/barbadosinfo.it\/wp-content\/uploads\/2022\/03\/barbadosadvocate.jpg 250w, https:\/\/barbadosinfo.it\/wp-content\/uploads\/2022\/03\/barbadosadvocate-150x79.jpg 150w\" sizes=\"auto, (max-width: 250px) 100vw, 250px\" \/><\/p>\n<div>&nbsp;<\/div>\n<div>&nbsp;<\/div>\n<div><a href=\"https:\/\/www.barbadosadvocate.com\/\" target=\"_blank\" rel=\"noopener\">The Barbados Advocate<\/a><\/div>\n<div>Journal historique \u00e9conomique et financier publi\u00e9 depuis 1895. Int\u00e9ressant pour ceux qui veulent investir \u00e0 la Barbade. En anglais.<\/div>\n<p>&nbsp;<\/p>\n<p>&nbsp;<\/p>\n<div><img loading=\"lazy\" decoding=\"async\" class=\"alignright size-full wp-image-385\" src=\"https:\/\/barbadosinfo.it\/wp-content\/uploads\/2022\/03\/vob929.jpg\" alt=\"Giornali Voice of Barbados\" width=\"250\" height=\"135\" srcset=\"https:\/\/barbadosinfo.it\/wp-content\/uploads\/2022\/03\/vob929.jpg 250w, https:\/\/barbadosinfo.it\/wp-content\/uploads\/2022\/03\/vob929-150x81.jpg 150w\" sizes=\"auto, (max-width: 250px) 100vw, 250px\" \/><\/div>\n<div>&nbsp;<\/div>\n<div>&nbsp;<\/div>\n<div><a href=\"http:\/\/vob929.com\/\" target=\"_blank\" rel=\"noopener\">Voice of Barbados<\/a><\/div>\n<div>Sur le site, vous pouvez lire les actualit\u00e9s, t\u00e9l\u00e9charger des podcasts ou \u00e9couter la radio en direct. En anglais.<\/div>\n<p>&nbsp;<br \/>\n&nbsp;<\/p>\n<div style=\"text-align: right;\"><a href=\"https:\/\/barbadosinfo.it\/viaggio-a-barbados\/lost\/\">UN VOYAGE \u00c0 LA BARBADE \u25ba<\/a><\/div>\n<p>&nbsp;<\/p>\n","protected":false},"excerpt":{"rendered":"<p>&nbsp; &nbsp; &nbsp; Government of Barbados Information Network Le portail d&rsquo;information du gouvernement de la Barbade. En anglais. &nbsp; &nbsp; &nbsp; Central Bank of Barbados Tout sur l&rsquo;&eacute;conomie, la finance, la monnaie et les devises sur le site de la Banque centrale de la Barbade. En anglais. &nbsp; &nbsp; &nbsp;&#8230; <a class=\"continue-reading-link\" href=\"https:\/\/barbadosinfo.it\/fr\/barbados-online\/\">Continue reading<\/a><\/p>\n","protected":false},"author":1,"featured_media":0,"parent":0,"menu_order":0,"comment_status":"closed","ping_status":"closed","template":"","meta":{"footnotes":""},"class_list":["post-153","page","type-page","status-publish","hentry"],"_links":{"self":[{"href":"https:\/\/barbadosinfo.it\/fr\/wp-json\/wp\/v2\/pages\/153","targetHints":{"allow":["GET"]}}],"collection":[{"href":"https:\/\/barbadosinfo.it\/fr\/wp-json\/wp\/v2\/pages"}],"about":[{"href":"https:\/\/barbadosinfo.it\/fr\/wp-json\/wp\/v2\/types\/page"}],"author":[{"embeddable":true,"href":"https:\/\/barbadosinfo.it\/fr\/wp-json\/wp\/v2\/users\/1"}],"replies":[{"embeddable":true,"href":"https:\/\/barbadosinfo.it\/fr\/wp-json\/wp\/v2\/comments?post=153"}],"version-history":[{"count":2,"href":"https:\/\/barbadosinfo.it\/fr\/wp-json\/wp\/v2\/pages\/153\/revisions"}],"predecessor-version":[{"id":541,"href":"https:\/\/barbadosinfo.it\/fr\/wp-json\/wp\/v2\/pages\/153\/revisions\/541"}],"wp:attachment":[{"href":"https:\/\/barbadosinfo.it\/fr\/wp-json\/wp\/v2\/media?parent=153"}],"curies":[{"name":"wp","href":"https:\/\/api.w.org\/{rel}","templated":true}]}}