{"id":14,"date":"2022-02-19T22:24:45","date_gmt":"2022-02-19T21:24:45","guid":{"rendered":"https:\/\/www.tropici.dev.cc\/?page_id=14"},"modified":"2024-03-05T02:29:34","modified_gmt":"2024-03-05T01:29:34","slug":"come-andare","status":"publish","type":"page","link":"https:\/\/barbadosinfo.it\/fr\/comment\/","title":{"rendered":"Comment aller"},"content":{"rendered":"<strong>\r\nVols<\/strong>\r\nDepuis les principales villes europ\u00e9ennes, on peut se rendre \u00e0 l<strong>a Barbade<\/strong> via Londres avec <strong>British Airways<\/strong>, pour une dur\u00e9e d&rsquo;environ 14 \/ 30 heures, \u00e0 un co\u00fbt d&rsquo;environ 680 \/ 730 \u20ac, mais les tarifs les moins chers sont souvent ceux d&rsquo;<strong>Air Canada<\/strong>, avec des vols avec 1 ou 2 escales (Toronto et Montr\u00e9al), pour une dur\u00e9e d&rsquo;environ 35 heures, avec des tarifs \u00e0 partir de 690 \/ 700 \u20ac. D&rsquo;autres compagnies a\u00e9riennes sont \u00e0 surveiller : <strong>Turkish Airlines, Virgin Atlantic, Aer Lingus, Jet Blue<\/strong> et <strong>American<\/strong>. Dans tous les cas, vous atterrirez au moderne <em>a\u00e9roport international&nbsp; Grantley Adams<\/em>, situ\u00e9 \u00e0 l&rsquo;extr\u00e9mit\u00e9 sud de l&rsquo;\u00eele.\r\n\r\n<div id=\"attachment_637\" style=\"width: 600px\" class=\"wp-caption aligncenter\"><img loading=\"lazy\" decoding=\"async\" aria-describedby=\"caption-attachment-637\" class=\"wp-image-637 size-full\" title=\"Sir Grantley Adams Int Airport\" src=\"https:\/\/barbadosinfo.it\/wp-content\/uploads\/2024\/03\/Barbados-Aeroporto-Internazionale.jpg\" alt=\"Sir Grantley Adams Int Airport\" width=\"590\" height=\"356\" srcset=\"https:\/\/barbadosinfo.it\/wp-content\/uploads\/2024\/03\/Barbados-Aeroporto-Internazionale.jpg 590w, https:\/\/barbadosinfo.it\/wp-content\/uploads\/2024\/03\/Barbados-Aeroporto-Internazionale-300x181.jpg 300w, https:\/\/barbadosinfo.it\/wp-content\/uploads\/2024\/03\/Barbados-Aeroporto-Internazionale-580x350.jpg 580w, https:\/\/barbadosinfo.it\/wp-content\/uploads\/2024\/03\/Barbados-Aeroporto-Internazionale-150x91.jpg 150w\" sizes=\"auto, (max-width: 590px) 100vw, 590px\" \/><p id=\"caption-attachment-637\" class=\"wp-caption-text\">Sir Grantley Adams Int Airport | <a href=\"https:\/\/commons.wikimedia.org\/wiki\/File:Sir_Grantley_Adams_Int_Airport,_Barbados-05.jpg\">CaribDigita<\/a>, Public domain, via Wikimedia Commons<\/p><\/div>\r\n\r\n<strong>Passeport et visas<\/strong>\r\nLes citoyens de la Communaut\u00e9 europ\u00e9enne n&rsquo;ont besoin que d&rsquo;un passeport valide et d&rsquo;un billet d&rsquo;avion aller-retour. Un visa n&rsquo;est requis que pour les s\u00e9jours de plus de trois mois. Depuis le 22 septembre 2022, la Barbade a suspendu tous les protocoles de voyage li\u00e9s au COVID-19. Par cons\u00e9quent, aucun test ne sera n\u00e9cessaire pour entrer \u00e0 la Barbade, que vous soyez vaccin\u00e9 ou non. En outre, le port de masques est d\u00e9sormais facultatif. Plus d&rsquo;informations : <a href=\"https:\/\/www.visitbarbados.org\/covid-19-travel-guidelines-2022\">COVID-19<\/a>\r\n\r\n<strong>Situation politique, risque sanitaire et autres dangers<\/strong>\r\nIl y a quelques mois encore, le chef d&rsquo;\u00c9tat de la Barbade, un commonwealth britannique, \u00e9tait la reine Elizabeth II, mais depuis novembre 2021, l&rsquo;\u00c9tat s&rsquo;est proclam\u00e9 r\u00e9publique et la nouvelle pr\u00e9sidente est l&rsquo;ancienne gouverneure g\u00e9n\u00e9rale Dame Sandra Mason. Il s&rsquo;agit avant tout d&rsquo;un changement formel qui n&rsquo;apportera aucun changement majeur dans la vie et la politique de la Barbade, qui se classe en t\u00eate de la r\u00e9gion pour la stabilit\u00e9 politique, \u00e9conomique et sociale et peut \u00eatre consid\u00e9r\u00e9e comme un pays assez s\u00fbr \u00e0 tous \u00e9gards ; le taux de pauvret\u00e9 est faible et la qualit\u00e9 de vie des r\u00e9sidents est g\u00e9n\u00e9ralement bonne. Par cons\u00e9quent, les ph\u00e9nom\u00e8nes de criminalit\u00e9 sont \u00e9galement sporadiques, bien que ces derni\u00e8res ann\u00e9es aient vu une augmentation de la petite d\u00e9linquance, notamment \u00e0 l&rsquo;encontre des touristes et des femmes voyageant seules.&nbsp;\r\nLa situation sanitaire du pays ne n\u00e9cessite pas de pr\u00e9cautions particuli\u00e8res : l&rsquo;eau du robinet est potable, les conditions g\u00e9n\u00e9rales d&rsquo;hygi\u00e8ne sont bonnes et l&rsquo;assistance m\u00e9dicale est d&rsquo;un bon niveau. Il est toutefois conseill\u00e9 de souscrire une assurance maladie. La pr\u00e9sence du virus de la dengue est signal\u00e9e, ainsi que, dans une moindre mesure, celle du virus Zika, tous deux transmis par le moustique <em>Aedes aegypti<\/em>, et il est donc n\u00e9cessaire de se prot\u00e9ger des moustiques, surtout pendant la saison humide.\r\n\r\nEn raison de la situation g\u00e9ologique de la r\u00e9gion et notamment de la pr\u00e9sence d&rsquo;un volcan sous-marin non loin de l\u00e0, la Barbade est une zone sujette aux tremblements de terre. Le dernier s\u00e9isme d&rsquo;une certaine puissance a \u00e9t\u00e9 enregistr\u00e9 en 2021, mais sans causer de dommages particuliers aux biens et aux personnes. La r\u00e9gion est \u00e9galement expos\u00e9e au risque d&rsquo;ouragans, les plus fr\u00e9quents entre juin et novembre. La derni\u00e8re de forte intensit\u00e9 remonte \u00e0 septembre 2017 et a caus\u00e9 de lourds d\u00e9g\u00e2ts dans tout le pays.\r\n\r\n<strong>Devise<\/strong>\r\nLa monnaie officielle est le dollar de la Barbade (BBD), qui vaut environ la moiti\u00e9 de la devise am\u00e9ricaine. Dans les grands commerces, les gens paient \u00e9galement en dollars am\u00e9ricains et les cartes de cr\u00e9dit sont accept\u00e9es partout.\r\n\r\n<strong>Communications<\/strong>\r\nLe r\u00e9seau mobile couvre bien l&rsquo;ensemble du pays. Le r\u00e9seau 4G utilise \u00e9galement certaines fr\u00e9quences qui ne sont pas utilis\u00e9es en Europe, de sorte que les t\u00e9l\u00e9phones mobiles plus anciens ou moins chers peuvent se connecter uniquement en 3G dans certains endroits. Il n&rsquo;y a pas de couverture 5G.\r\n\r\n<strong>\u00c9lectricit\u00e9<\/strong>\r\nL&rsquo;alimentation \u00e9lectrique est de 115V 50Hz, les prises sont de type am\u00e9ricain reed et des adaptateurs sont donc n\u00e9cessaires.\r\n\r\n<strong>Langue<\/strong>\r\nLa langue est l&rsquo;anglais mais un dialecte cr\u00e9ole est r\u00e9pandu parmi les habitants.\r\n\r\n<strong>Voyage ind\u00e9pendant<\/strong>\r\n\u00c0 la Barbade, on peut s&rsquo;organiser tr\u00e8s facilement ; le seul inconv\u00e9nient pourrait \u00eatre le co\u00fbt de la vie, qui est l\u00e9g\u00e8rement inf\u00e9rieur \u00e0 la moyenne europ\u00e9enne. Mais cela vaut pour l&rsquo;ensemble de la r\u00e9gion des Cara\u00efbes.\r\n\r\n<strong>Transport interne<\/strong>\r\nLa location d&rsquo;une voiture est la meilleure solution pour se d\u00e9placer sur l&rsquo;\u00eele en toute autonomie. En plus du permis de conduire &#8211; celui de l&rsquo;Italie est reconnu &#8211; il est n\u00e9cessaire d&rsquo;avoir un permis de conduire temporaire, qui est d\u00e9livr\u00e9 directement par l&rsquo;agence de location au co\u00fbt de 10 BBD. La conduite se fait \u00e0 gauche. Pour louer une voiture, il faut \u00eatre \u00e2g\u00e9 d&rsquo;au moins 21 ans et poss\u00e9der un permis de conduire depuis deux ans. Pour les personnes \u00e2g\u00e9es de plus de 75 ans, il existe certaines limitations quant aux types de voitures que vous pouvez louer.\r\nL&rsquo;\u00eele est coup\u00e9e par un r\u00e9seau routier en bon \u00e9tat, mais la signalisation est mauvaise ; \u00e0 l&rsquo;exception des principaux axes nord-sud et est-ouest, les seuls sur lesquels il est plus facile de s&rsquo;orienter, le reste du r\u00e9seau routier est pratiquement d\u00e9pourvu de panneaux de signalisation. Pas d&rsquo;inqui\u00e9tude : les incertitudes aux carrefours et aux ronds-points sont bien tol\u00e9r\u00e9es par les habitants, qui font tout pour faciliter la t\u00e2che des touristes au volant d&rsquo;une voiture de location, rendue reconnaissable par la plaque d&rsquo;immatriculation commen\u00e7ant par la lettre H.\r\nIl est difficile d&rsquo;imaginer un service de transport public plus \u00e9tendu que celui de la Barbade : il y a un arr\u00eat de bus dans chaque coin et recoin de l&rsquo;\u00eele, de sorte que m\u00eame sans votre propre moyen de transport, vous pouvez vous rendre partout. Mais la rapidit\u00e9 est une toute autre question. L&rsquo;alternative est constitu\u00e9e par les minibus priv\u00e9s (ZR Van), reconnaissables \u00e0 la bande brune sur les c\u00f4t\u00e9s du v\u00e9hicule ; ils font la navette entre les principaux endroits de l&rsquo;\u00eele et circulent plus fr\u00e9quemment que les bus publics\r\n\r\n<strong>O\u00f9 s\u00e9journer<\/strong>\r\nLes h\u00f4tels haut de gamme, en particulier ceux de la c\u00f4te ouest au nord de Bridgetown, pratiquent des tarifs qui sont, dans certains cas, scandaleux. Plus au sud, cependant, il existe plusieurs options d&rsquo;h\u00e9bergement de moyenne gamme. Il y a \u00e9galement un bon choix de pensions de famille et de mini-appartements ind\u00e9pendants, \u00e0 des prix tr\u00e8s raisonnables. Par cons\u00e9quent, c&rsquo;est sur la c\u00f4te sud que se concentre la masse des touristes. Ceux qui recherchent des endroits moins bruyants devraient se diriger vers la c\u00f4te est, en gardant toutefois \u00e0 l&rsquo;esprit qu&rsquo;il y a moins de possibilit\u00e9s d&rsquo;h\u00e9bergement dans ces r\u00e9gions.\r\n\u00c0 Bathsheba,le <a href=\"https:\/\/www.atlantishotelbarbados.com\/\" target=\"_blank\" rel=\"noopener\">Atlantis Historic Inn<\/a> est une institution : il a \u00e9t\u00e9 construit en 1880, lorsqu&rsquo;un chemin de fer reliait Bridgetown \u00e0 la c\u00f4te atlantique. Le chemin de fer a \u00e9t\u00e9 mis hors service en 1937 et l&rsquo;h\u00f4tel est tomb\u00e9 en d\u00e9su\u00e9tude. C\u00e9l\u00e8bre parmi les voyageurs ind\u00e9pendants pour son atmosph\u00e8re r\u00e9tro et, surtout, pour son buffet carib\u00e9en du dimanche, il a enfin rouvert, enti\u00e8rement r\u00e9nov\u00e9. Il dispose de 8 chambres spacieuses avec une belle vue sur l&rsquo;oc\u00e9an et d&rsquo;un excellent restaurant. Les boissons sont \u00e9galement excellentes.\r\n\u00c0 quelques pas de l&rsquo;Atlantis se trouve&nbsp; le <a href=\"https:\/\/www.ecolifestylelodge.com\/\" target=\"_blank\" rel=\"noopener\">ECO Lifestyle + Lodge<\/a>, anciennement la Sea-U Guest house, un h\u00f4tel de charme en bois blanc, simple et de bon go\u00fbt, situ\u00e9 sur Bathsheba Hill. Jardin de palmiers \u00e9quip\u00e9 de chaises longues et de hamacs et vue spectaculaire sur l&rsquo;oc\u00e9an.\r\n\u00c0 Speightstown, qui se trouve sur la c\u00f4te ouest mais en retrait de la zone plus touristique, les chambres a\u00e9r\u00e9es du <a href=\"https:\/\/www.facebook.com\/sunsetsandsbeachapts\/\" target=\"_blank\" rel=\"noopener\">Sunset Sands Apartments <\/a>donnent sur une mer bleue et claire. Bien \u00e9quip\u00e9s et meubl\u00e9s avec go\u00fbt, ces appartements de deux pi\u00e8ces constituent le meilleur choix pour un s\u00e9jour de quelques jours dans cette ville tropicale endormie.\r\n\r\n&nbsp;\r\n<h4>Office de tourisme<\/h4>\r\n<strong><em>Barbados Tourism Marketing Inc. ( BTMI )<\/em><\/strong>\r\nOne Barbados Place Warrens, St. Michael,\r\nBarbade. W.I. BB12001\r\n\r\nt\u00e9l. 246-535-3700\r\nt\u00e9l\u00e9copieur 246-535-3799\r\n<a href=\"mailto:btmiinfo@visitbarbados.org\"> email <\/a>\r\n<div>Site Web: <a class=\"navbluebig\" href=\"https:\/\/www.visitbarbados.org\/it\/\" target=\"_blank\" rel=\"noopener noreferrer\">Visit Barbados<\/a> &nbsp; ( italien, anglais, fran\u00e7ais, allemand, portugais, espagnol et su\u00e9dois )<\/div>\r\n<a href=\"https:\/\/www.facebook.com\/VisitBarbados\" target=\"_blank\" rel=\"noopener noreferrer\"><img decoding=\"async\" title=\"Visit Barbados - Barbados\" src=\"https:\/\/paesitropicali.com\/images\/facebook.png\" alt=\"Visit Barbados - Barbados\" border=\"1\" \/><\/a>&nbsp;&nbsp;<a href=\"https:\/\/www.facebook.com\/VisitBarbados\" target=\"_blank\" rel=\"noopener noreferrer\"> Visit Barbados<\/a>\r\n\r\n<a href=\"https:\/\/twitter.com\/barbados\" target=\"_blank\" rel=\"noopener noreferrer\"><img decoding=\"async\" title=\"Barbados - Barbados\" src=\"https:\/\/paesitropicali.com\/images\/twitter.png\" alt=\"Barbados - Barbados\" border=\"1\" \/><\/a>&nbsp;<a href=\"https:\/\/twitter.com\/barbados\" target=\"_blank\" rel=\"noopener noreferrer\"> Barbados<\/a>\r\n\r\n<a href=\"https:\/\/www.youtube.com\/user\/BarbadosTourism\" target=\"_blank\" rel=\"noopener noreferrer\"><img decoding=\"async\" title=\"Visit Barbados - Barbados\" src=\"https:\/\/paesitropicali.com\/images\/youtube.png\" alt=\"Visit Barbados - Barbados\" border=\"1\" \/><\/a>&nbsp;&nbsp;<a href=\"https:\/\/www.youtube.com\/user\/BarbadosTourism\" target=\"_blank\" rel=\"noopener noreferrer\"> Visit Barbados<\/a>\r\n\r\n<a target=\"_blank\" rel=\"noopener noreferrer\"><img decoding=\"async\" title=\"Visit Barbados - Barbados\" src=\"https:\/\/paesitropicali.com\/images\/instagram.png\" alt=\"Visit Barbados - Barbados\" border=\"1\" \/><\/a>&nbsp;<a href=\"https:\/\/www.instagram.com\/visitbarbados\/\" target=\"_blank\" rel=\"noopener noreferrer\"> Visit Barbados<\/a>\r\n\r\n&nbsp;\r\n<div align=\"justify\"><em><strong>Barbados Tourism Authority<\/strong><\/em><\/div>\r\nP.O.Box 16B,\r\nBrittons Hill,\r\nSt. Michael,\r\nBarbados, BB11090\r\n<div align=\"justify\">\r\n\r\nSite Web:&nbsp; <a href=\"https:\/\/barbados.org\/\">GoBarbade<\/a>&nbsp;&nbsp; ( anglais )\r\n<div><a href=\"https:\/\/www.facebook.com\/Barbados.org\" target=\"_blank\" rel=\"noopener noreferrer\"><img decoding=\"async\" title=\"Barbados Tourism Encyclopedia\" src=\"https:\/\/paesitropicali.com\/images\/facebook.png\" alt=\"Barbados Tourism Encyclopedia\" border=\"1\" \/><\/a><a href=\"https:\/\/www.facebook.com\/Barbados.org\" target=\"_blank\" rel=\"noopener noreferrer\"> Barbados Tourism Encyclopedia<\/a><\/div>\r\n<a href=\"https:\/\/twitter.com\/BarbadosTravel\" target=\"_blank\" rel=\"noopener noreferrer\"><img decoding=\"async\" title=\"Barbados Travel\" src=\"https:\/\/paesitropicali.com\/images\/twitter.png\" alt=\"Barbados - Barbados\" border=\"1\" \/><\/a> <a href=\"https:\/\/twitter.com\/BarbadosTravel\" target=\"_blank\" rel=\"noopener noreferrer\"> Barbados Travel<\/a>\r\n\r\n<a target=\"_blank\" rel=\"noopener noreferrer\"><img decoding=\"async\" title=\" Barbados Travel\" src=\"https:\/\/paesitropicali.com\/images\/instagram.png\" alt=\"Visit Barbados - Barbados\" border=\"1\" \/><\/a> <a href=\"https:\/\/www.instagram.com\/barbadostravel\" target=\"_blank\" rel=\"noopener noreferrer\"> Barbados Travel<\/a>\r\n\r\n<\/div>\r\n&nbsp;\r\n<p style=\"text-align: right;\"><a href=\"https:\/\/barbadosinfo.it\/perche-andare\/\">POURQUOI ALLER \u25ba<\/a><\/p>\r\n<!-- \/wp:post-content -->","protected":false},"excerpt":{"rendered":"<p>Vols Depuis les principales villes europ&eacute;ennes, on peut se rendre &agrave; la Barbade via Londres avec British Airways, pour une dur&eacute;e d&rsquo;environ 14 \/ 30 heures, &agrave; un co&ucirc;t d&rsquo;environ 680 \/ 730 &euro;, mais les tarifs les moins chers sont souvent ceux d&rsquo;Air Canada, avec des vols avec 1&#8230; <a class=\"continue-reading-link\" href=\"https:\/\/barbadosinfo.it\/fr\/comment\/\">Continue reading<\/a><\/p>\n","protected":false},"author":1,"featured_media":637,"parent":0,"menu_order":0,"comment_status":"closed","ping_status":"closed","template":"","meta":{"footnotes":""},"class_list":["post-14","page","type-page","status-publish","has-post-thumbnail","hentry"],"_links":{"self":[{"href":"https:\/\/barbadosinfo.it\/fr\/wp-json\/wp\/v2\/pages\/14","targetHints":{"allow":["GET"]}}],"collection":[{"href":"https:\/\/barbadosinfo.it\/fr\/wp-json\/wp\/v2\/pages"}],"about":[{"href":"https:\/\/barbadosinfo.it\/fr\/wp-json\/wp\/v2\/types\/page"}],"author":[{"embeddable":true,"href":"https:\/\/barbadosinfo.it\/fr\/wp-json\/wp\/v2\/users\/1"}],"replies":[{"embeddable":true,"href":"https:\/\/barbadosinfo.it\/fr\/wp-json\/wp\/v2\/comments?post=14"}],"version-history":[{"count":2,"href":"https:\/\/barbadosinfo.it\/fr\/wp-json\/wp\/v2\/pages\/14\/revisions"}],"predecessor-version":[{"id":638,"href":"https:\/\/barbadosinfo.it\/fr\/wp-json\/wp\/v2\/pages\/14\/revisions\/638"}],"wp:featuredmedia":[{"embeddable":true,"href":"https:\/\/barbadosinfo.it\/fr\/wp-json\/wp\/v2\/media\/637"}],"wp:attachment":[{"href":"https:\/\/barbadosinfo.it\/fr\/wp-json\/wp\/v2\/media?parent=14"}],"curies":[{"name":"wp","href":"https:\/\/api.w.org\/{rel}","templated":true}]}}