{"id":12,"date":"2022-02-19T22:23:28","date_gmt":"2022-02-19T21:23:28","guid":{"rendered":"https:\/\/www.tropici.dev.cc\/?page_id=12"},"modified":"2022-04-12T15:52:42","modified_gmt":"2022-04-12T13:52:42","slug":"quando-andare","status":"publish","type":"page","link":"https:\/\/barbadosinfo.it\/fr\/quand-partir\/","title":{"rendered":"Quand partir"},"content":{"rendered":"&nbsp;\r\n\r\n<strong>La Barbade<\/strong> a un climat tropical avec deux saisons principales : une saison plus fra\u00eeche et plus s\u00e8che, qui s&rsquo;\u00e9tend approximativement de d\u00e9cembre \u00e0 fin avril, et une saison plus chaude et plus humide, qui commence en mai et dure jusqu&rsquo;en novembre.\r\nLa meilleure p\u00e9riode pour des vacances \u00e0 la plage \u00e0 <em>la Barbade<\/em> est sans aucun doute l&rsquo;hiver, lorsque les temp\u00e9ratures d\u00e9passent rarement 28\u00b0C, que l&rsquo;humidit\u00e9 est acceptable et que le ciel est presque toujours clair et ensoleill\u00e9, \u00e0 l&rsquo;exception des averses occasionnelles de l&rsquo;apr\u00e8s-midi.\r\n\r\nLa saison la plus s\u00e8che et la plus agr\u00e9able co\u00efncide toutefois avec la haute saison touristique ; ceux qui ne veulent pas faire face \u00e0 des prix plus \u00e9lev\u00e9s feront mieux d&rsquo;\u00e9viter les mois d&rsquo;hiver, mais aussi le mois d&rsquo;ao\u00fbt, mois au cours duquel, malgr\u00e9 le temps \u00e9touffant, il y a un autre pic d&rsquo;entr\u00e9es.\r\n\r\nLe mois de mai est un compromis raisonnable. Le temps est dans l&rsquo;ensemble encore bon, m\u00eame si l&rsquo;humidit\u00e9 commence \u00e0 se faire sentir ; l&rsquo;avantage est qu&rsquo;il y a peu de monde et que les prix des chambres baissent pr\u00e9cipitamment.\r\nJuin et juillet, au plus fort de la <em>saison chaude<\/em>, restent des mois propices aux voyages, \u00e0 condition toutefois de partir pr\u00e9par\u00e9 \u00e0 des journ\u00e9es nuageuses, \u00e0 un peu plus de pluie et, surtout, \u00e0 la souillure qui colle aux v\u00eatements.\r\n\r\nSeptembre et octobre sont les pires mois de l&rsquo;ann\u00e9e et c&rsquo;est \u00e0 cette p\u00e9riode que la r\u00e9gion des Cara\u00efbes conna\u00eet le pic des ouragans. Toutefois, en raison de sa situation g\u00e9ographique, la Barbade est une \u00eele \u00e0 faible risque pour les ouragans et a rarement \u00e9t\u00e9 touch\u00e9e par les ph\u00e9nom\u00e8nes extr\u00eames et d\u00e9vastateurs qui ont plut\u00f4t frapp\u00e9 les \u00eeles plus septentrionales.\r\n\r\nLe site <a href=\"https:\/\/www.diplomatie.gouv.fr\/fr\/conseils-aux-voyageurs\/\"><em><strong>Conseils aux Voyageurs<\/strong><\/em><\/a> du <em>minist\u00e8re de l&rsquo;Europe et des Affaires \u00e9trang\u00e8res<\/em> contient les derni\u00e8res informations et les messages d&rsquo;alerte m\u00e9t\u00e9o. Pour les conditions actuelles, les pr\u00e9visions pour les prochains jours et les donn\u00e9es m\u00e9t\u00e9orologiques historiques, vous pouvez consulter <a href=\"https:\/\/www.meteoblue.com\/en\/weather\/week\/barbados_barbados_3374085\"><em><strong>Meteoblue.<\/strong><\/em><\/a>\r\n&nbsp;\r\n<p style=\"text-align: right;\"><a href=\"https:\/\/barbadosinfo.it\/guide-e-libri\/\">GUIDES ET LIVRES \u25ba<\/a><\/p>\r\n<!-- \/wp:post-content -->","protected":false},"excerpt":{"rendered":"<p>&nbsp; La Barbade a un climat tropical avec deux saisons principales : une saison plus fra&icirc;che et plus s&egrave;che, qui s&rsquo;&eacute;tend approximativement de d&eacute;cembre &agrave; fin avril, et une saison plus chaude et plus humide, qui commence en mai et dure jusqu&rsquo;en novembre. La meilleure p&eacute;riode pour des vacances &agrave;&#8230; <a class=\"continue-reading-link\" href=\"https:\/\/barbadosinfo.it\/fr\/quand-partir\/\">Continue reading<\/a><\/p>\n","protected":false},"author":1,"featured_media":0,"parent":0,"menu_order":0,"comment_status":"closed","ping_status":"closed","template":"","meta":{"footnotes":""},"class_list":["post-12","page","type-page","status-publish","hentry"],"_links":{"self":[{"href":"https:\/\/barbadosinfo.it\/fr\/wp-json\/wp\/v2\/pages\/12","targetHints":{"allow":["GET"]}}],"collection":[{"href":"https:\/\/barbadosinfo.it\/fr\/wp-json\/wp\/v2\/pages"}],"about":[{"href":"https:\/\/barbadosinfo.it\/fr\/wp-json\/wp\/v2\/types\/page"}],"author":[{"embeddable":true,"href":"https:\/\/barbadosinfo.it\/fr\/wp-json\/wp\/v2\/users\/1"}],"replies":[{"embeddable":true,"href":"https:\/\/barbadosinfo.it\/fr\/wp-json\/wp\/v2\/comments?post=12"}],"version-history":[{"count":2,"href":"https:\/\/barbadosinfo.it\/fr\/wp-json\/wp\/v2\/pages\/12\/revisions"}],"predecessor-version":[{"id":504,"href":"https:\/\/barbadosinfo.it\/fr\/wp-json\/wp\/v2\/pages\/12\/revisions\/504"}],"wp:attachment":[{"href":"https:\/\/barbadosinfo.it\/fr\/wp-json\/wp\/v2\/media?parent=12"}],"curies":[{"name":"wp","href":"https:\/\/api.w.org\/{rel}","templated":true}]}}