{"id":10,"date":"2022-02-19T22:22:27","date_gmt":"2022-02-19T21:22:27","guid":{"rendered":"https:\/\/www.tropici.dev.cc\/?page_id=10"},"modified":"2022-09-08T13:50:06","modified_gmt":"2022-09-08T11:50:06","slug":"perche-andare","status":"publish","type":"page","link":"https:\/\/barbadosinfo.it\/fr\/pourquoi-aller\/","title":{"rendered":"Pourquoi partir"},"content":{"rendered":"&nbsp;\r\n\r\n<strong>La Barbade<\/strong>, l&rsquo;un des pays les plus dens\u00e9ment peupl\u00e9s au monde, est une \u00eele parfaitement \u00e9quip\u00e9e pour accueillir des masses de touristes. Les plages blanches et la mer turquoise sont une garantie. Mais ce n&rsquo;est qu&rsquo;un de ses visages. Pour quiconque souhaite s&rsquo;\u00e9loigner des zones les plus touristiques, <em>la Barbade<\/em> peut offrir plusieurs surprises agr\u00e9ables, m\u00eame pour des vacances de quelques jours seulement.\r\n\r\n<div id=\"attachment_330\" style=\"width: 650px\" class=\"wp-caption aligncenter\"><img loading=\"lazy\" decoding=\"async\" aria-describedby=\"caption-attachment-330\" class=\"wp-image-330 size-full\" title=\"Bridgetown Barbados\" src=\"https:\/\/barbadosinfo.it\/wp-content\/uploads\/2022\/03\/Bridgetown-Aerial-small.jpg\" alt=\"Bridgetown Barbados\" width=\"640\" height=\"360\" srcset=\"https:\/\/barbadosinfo.it\/wp-content\/uploads\/2022\/03\/Bridgetown-Aerial-small.jpg 640w, https:\/\/barbadosinfo.it\/wp-content\/uploads\/2022\/03\/Bridgetown-Aerial-small-300x169.jpg 300w, https:\/\/barbadosinfo.it\/wp-content\/uploads\/2022\/03\/Bridgetown-Aerial-small-622x350.jpg 622w, https:\/\/barbadosinfo.it\/wp-content\/uploads\/2022\/03\/Bridgetown-Aerial-small-150x84.jpg 150w\" sizes=\"auto, (max-width: 640px) 100vw, 640px\" \/><p id=\"caption-attachment-330\" class=\"wp-caption-text\">Bridgetown Barbados Photo par <a href=\"https:\/\/corporate.visitbarbados.org\/\">Barbados Tourism Marketing Inc <\/a> da <a href=\"https:\/\/www.visitbarbados.org\/\">Visit Barbados<\/a><\/p><\/div>\r\n\r\n<!-- \/wp:post-content --><!-- wp:image {\"width\":568,\"height\":377} \/-->\r\n\r\n<!-- wp:paragraph -->\r\n\r\nLa capitale, <strong>Bridgetown<\/strong>, est une ville tr\u00e8s active et largement moderne, mais elle vaut bien un arr\u00eat. Pendant la journ\u00e9e, vous pouvez visiter le centre-ville et vous arr\u00eater dans l&rsquo;un des caf\u00e9s du Car\u00e9nage, le beau port qui surplombe la baie ; le soir, fl\u00e2nez sur Baxter&rsquo;s road, la rue des rhumeries et des <em>cutters<\/em>, les savoureux snacks qui y sont pr\u00e9par\u00e9s.\r\n<strong>Speightstown<\/strong>, en revanche, peut \u00eatre un bon point de d\u00e9part pour explorer les r\u00e9gions du centre-nord de l&rsquo;\u00eele, qui regorgent de sites touristiques d&rsquo;int\u00e9r\u00eat historique et naturel. <em>Speightstown<\/em> \u00e9tait le port de commerce de <em>la Barbade<\/em> \u00e0 l&rsquo;\u00e9poque de la production de sucre. Aujourd&rsquo;hui, c&rsquo;est une petite ville \u00e0 l&rsquo;atmosph\u00e8re d\u00e9contract\u00e9e, avec une agr\u00e9able promenade en bord de mer bord\u00e9e de cottages en bois anim\u00e9s avec des v\u00e9randas<em> gingerbread<\/em> et quelques b\u00e2timents historiques, d\u00e9color\u00e9s par les ann\u00e9es et le sel.\r\n\r\n<div id=\"attachment_329\" style=\"width: 650px\" class=\"wp-caption aligncenter\"><img loading=\"lazy\" decoding=\"async\" aria-describedby=\"caption-attachment-329\" class=\"wp-image-329 size-full\" title=\"Chattel House Barbados\" src=\"https:\/\/barbadosinfo.it\/wp-content\/uploads\/2022\/03\/Chattel-House-Barbados.jpg\" alt=\"Chattel House Barbados\" width=\"640\" height=\"480\" srcset=\"https:\/\/barbadosinfo.it\/wp-content\/uploads\/2022\/03\/Chattel-House-Barbados.jpg 640w, https:\/\/barbadosinfo.it\/wp-content\/uploads\/2022\/03\/Chattel-House-Barbados-300x225.jpg 300w, https:\/\/barbadosinfo.it\/wp-content\/uploads\/2022\/03\/Chattel-House-Barbados-467x350.jpg 467w, https:\/\/barbadosinfo.it\/wp-content\/uploads\/2022\/03\/Chattel-House-Barbados-150x113.jpg 150w\" sizes=\"auto, (max-width: 640px) 100vw, 640px\" \/><p id=\"caption-attachment-329\" class=\"wp-caption-text\">Chattel House Barbados Photo par <a href=\"https:\/\/commons.wikimedia.org\/wiki\/File:Chattel_house_with_red_roof_front.jpg\">rufus<\/a>, <a href=\"https:\/\/creativecommons.org\/licenses\/by\/2.0\">CC BY 2.0<\/a>, via Wikimedia Commons<\/p><\/div>\r\n\r\n<!-- \/wp:paragraph --><!-- wp:paragraph \/-->\r\n\r\n<!-- wp:image {\"width\":564,\"height\":363} \/-->\r\n\r\n<!-- wp:paragraph -->\r\n\r\nL&rsquo;architecture des maisons en dit long sur l&rsquo;histoire des <em>Cara\u00efbes<\/em> et \u00e0 <em>la Barbade<\/em>, on peut encore trouver plusieurs constructions traditionnelles, les<em> chattel houses<\/em> ; il s&rsquo;agit de simples habitations en bois datant de l&rsquo;\u00e9poque post-esclavage, lorsque les esclaves, lib\u00e9r\u00e9s mais pas encore propri\u00e9taires de la terre, construisaient de petites habitations mobiles qui pouvaient \u00eatre facilement d\u00e9mont\u00e9es et d\u00e9plac\u00e9es.\r\nAu fur et \u00e0 mesure que le propri\u00e9taire s&rsquo;est s\u00e9curis\u00e9, il a ajout\u00e9 d&rsquo;autres \u00e9l\u00e9ments et la petite maison, qui n&rsquo;\u00e9tait qu&rsquo;une simple unit\u00e9 de vie, s&rsquo;est agrandie et a \u00e9t\u00e9 embellie par des porches et des v\u00e9randas \u00e9l\u00e9gamment d\u00e9cor\u00e9s et marquet\u00e9s.\r\n\r\nL&rsquo;\u00e9volution du style architectural local est illustr\u00e9e au <em>Tyrol Cot Heritage Village<\/em>, l&rsquo;un des nombreux sites touristiques soigneusement g\u00e9r\u00e9s par le <em>Barbados National Trust.<\/em>\r\n\r\n<div id=\"attachment_328\" style=\"width: 650px\" class=\"wp-caption aligncenter\"><img loading=\"lazy\" decoding=\"async\" aria-describedby=\"caption-attachment-328\" class=\"wp-image-328 size-full\" title=\"Welchmann Hall Gully Barbados\" src=\"https:\/\/barbadosinfo.it\/wp-content\/uploads\/2022\/03\/Welchmann-Hall-Gully-Barbados.jpg\" alt=\"Welchmann Hall Gully Barbados\" width=\"640\" height=\"426\" srcset=\"https:\/\/barbadosinfo.it\/wp-content\/uploads\/2022\/03\/Welchmann-Hall-Gully-Barbados.jpg 640w, https:\/\/barbadosinfo.it\/wp-content\/uploads\/2022\/03\/Welchmann-Hall-Gully-Barbados-300x200.jpg 300w, https:\/\/barbadosinfo.it\/wp-content\/uploads\/2022\/03\/Welchmann-Hall-Gully-Barbados-526x350.jpg 526w, https:\/\/barbadosinfo.it\/wp-content\/uploads\/2022\/03\/Welchmann-Hall-Gully-Barbados-150x100.jpg 150w\" sizes=\"auto, (max-width: 640px) 100vw, 640px\" \/><p id=\"caption-attachment-328\" class=\"wp-caption-text\">Welchmann Hall Gully Barbados Photo par <a href=\"https:\/\/www.facebook.com\/Il-Gatto-Viaggiatore-104501031660557\"> P.L. Paolini<\/a><\/p><\/div>\r\n\r\n<!-- \/wp:paragraph --><!-- wp:image {\"width\":546,\"height\":821} \/-->\r\n\r\n<!-- wp:paragraph -->\r\n\r\nLe m\u00eame soin avec lequel cette organisation \u00e0 but non lucratif fait revivre les demeures coloniales de l&rsquo;\u00eele se retrouve dans les sites d&rsquo;int\u00e9r\u00eat \u00e9cologique et naturaliste. Comme le <em>Welchmann Hall Gully<\/em>, une gorge karstique o\u00f9 l&rsquo;on peut admirer de nombreuses esp\u00e8ces de plantes indig\u00e8nes qui ont disparu de <em>la Barbade<\/em> il y a des si\u00e8cles, ainsi qu&rsquo;une multitude d&rsquo;autres plantes naturalis\u00e9es, dont des bambous et des pandanus d&rsquo;une vingtaine de m\u00e8tres de haut, de magnifiques halocasia, des palmiers de toutes sortes, des crotons et des h\u00e9liconias \u00e0 fleurs. On y trouve \u00e9galement un majestueux sp\u00e9cimen de <em>Ficus citrifolia<\/em> aux longues racines a\u00e9riennes, que les premiers navigateurs portugais appelaient arbres barbus (<em>los barbados<\/em>) et auquel l&rsquo;\u00eele doit peut-\u00eatre son nom,\r\nDans cette zone, le sous-sol, riche en cavernes, cache \u00e9galement des curiosit\u00e9s, comme la <em>Harrison&rsquo;s Cave<\/em>, une s\u00e9rie de grottes calcaires travers\u00e9es par des ruisseaux souterrains et des cascades, qui constituent dans les Cara\u00efbes un ph\u00e9nom\u00e8ne g\u00e9ologique plut\u00f4t inhabituel.\r\n\r\n<div id=\"attachment_327\" style=\"width: 650px\" class=\"wp-caption aligncenter\"><img loading=\"lazy\" decoding=\"async\" aria-describedby=\"caption-attachment-327\" class=\"wp-image-327 size-full\" title=\"Andromeda Gardens Barbados\" src=\"https:\/\/barbadosinfo.it\/wp-content\/uploads\/2022\/03\/Andromeda-Gardens-Barbados.jpg\" alt=\"Andromeda Gardens Barbados\" width=\"640\" height=\"426\" srcset=\"https:\/\/barbadosinfo.it\/wp-content\/uploads\/2022\/03\/Andromeda-Gardens-Barbados.jpg 640w, https:\/\/barbadosinfo.it\/wp-content\/uploads\/2022\/03\/Andromeda-Gardens-Barbados-300x200.jpg 300w, https:\/\/barbadosinfo.it\/wp-content\/uploads\/2022\/03\/Andromeda-Gardens-Barbados-526x350.jpg 526w, https:\/\/barbadosinfo.it\/wp-content\/uploads\/2022\/03\/Andromeda-Gardens-Barbados-150x100.jpg 150w\" sizes=\"auto, (max-width: 640px) 100vw, 640px\" \/><p id=\"caption-attachment-327\" class=\"wp-caption-text\">Andromeda Gardens Barbados Photo par <a href=\"https:\/\/www.facebook.com\/Il-Gatto-Viaggiatore-104501031660557\"> P.L. Paolini<\/a><\/p><\/div>\r\n\r\nEn ce qui concerne les jardins botaniques, il convient toutefois de visiter deux extraordinaires collections de plantes et de fleurs tropicales provenant des quatre coins du monde : la <em>Flower forest<\/em>, au c\u0153ur du Scotland district, et les <em>Andromeda Botanical Gardens<\/em>,, sur la colline qui domine Bathsheba.\r\n\r\nQuant aux plages, il y en a pour tous les go\u00fbts. La primaut\u00e9 des \u00ab\u00a0<em>Cara\u00efbes<\/em>\u00a0\u00bb revient \u00e0 la c\u00f4te ouest : sable blanc, palmiers bruissants et eaux transparentes, o\u00f9 vous pouvez faire de la plong\u00e9e libre, nager ou ne rien faire.\r\n\r\n<div id=\"attachment_326\" style=\"width: 650px\" class=\"wp-caption aligncenter\"><img loading=\"lazy\" decoding=\"async\" aria-describedby=\"caption-attachment-326\" class=\"wp-image-326 size-full\" title=\"Oistins Barbados\" src=\"https:\/\/barbadosinfo.it\/wp-content\/uploads\/2022\/03\/Oistins4-Barbados.jpg\" alt=\"Oistins Barbados\" width=\"640\" height=\"426\" srcset=\"https:\/\/barbadosinfo.it\/wp-content\/uploads\/2022\/03\/Oistins4-Barbados.jpg 640w, https:\/\/barbadosinfo.it\/wp-content\/uploads\/2022\/03\/Oistins4-Barbados-300x200.jpg 300w, https:\/\/barbadosinfo.it\/wp-content\/uploads\/2022\/03\/Oistins4-Barbados-526x350.jpg 526w, https:\/\/barbadosinfo.it\/wp-content\/uploads\/2022\/03\/Oistins4-Barbados-150x100.jpg 150w\" sizes=\"auto, (max-width: 640px) 100vw, 640px\" \/><p id=\"caption-attachment-326\" class=\"wp-caption-text\">Oistins Barbados Photo par <a href=\"https:\/\/www.facebook.com\/Il-Gatto-Viaggiatore-104501031660557\"> P.L. Paolini<\/a><\/p><\/div>\r\n\r\nDans la partie situ\u00e9e entre<em> Bridgetown<\/em> et <em>Holeteown<\/em>, se concentrent d&rsquo;\u00e9l\u00e9gants domaines priv\u00e9s et la plupart des h\u00f4tels de luxe. En revanche, au sud de la capitale, les principaux centres touristiques sont <em>Hastings, Worthing<\/em> et surtout <em>St Lawrence<\/em>, \u00e9galement connu sous le nom de <em>Gap<\/em>. Ici, la vie est anim\u00e9e jour et nuit et les magnifiques plages blanches sont parfaitement \u00e9quip\u00e9es pour toutes sortes de sports et de loisirs.\r\n\r\n<div id=\"attachment_323\" style=\"width: 610px\" class=\"wp-caption aligncenter\"><img loading=\"lazy\" decoding=\"async\" aria-describedby=\"caption-attachment-323\" class=\"wp-image-323 size-full\" title=\"Bottom Bay Barbados\" src=\"https:\/\/barbadosinfo.it\/wp-content\/uploads\/2022\/03\/Bottom-Bay-Barbados.jpg\" alt=\"Bottom Bay Barbados\" width=\"600\" height=\"399\" srcset=\"https:\/\/barbadosinfo.it\/wp-content\/uploads\/2022\/03\/Bottom-Bay-Barbados.jpg 600w, https:\/\/barbadosinfo.it\/wp-content\/uploads\/2022\/03\/Bottom-Bay-Barbados-300x200.jpg 300w, https:\/\/barbadosinfo.it\/wp-content\/uploads\/2022\/03\/Bottom-Bay-Barbados-526x350.jpg 526w, https:\/\/barbadosinfo.it\/wp-content\/uploads\/2022\/03\/Bottom-Bay-Barbados-150x100.jpg 150w\" sizes=\"auto, (max-width: 600px) 100vw, 600px\" \/><p id=\"caption-attachment-323\" class=\"wp-caption-text\">Bottom Bay Barbados Photo par <a href=\"&quot;https:\/\/www.facebook.com\/Il-Gatto-Viaggiatore-104501031660557\"> P.L. Paolini<\/a><\/p><\/div>\r\n\r\nLes plages du sud-est, en revanche, sont plus isol\u00e9es et atmosph\u00e9riques, et conviennent \u00e0 ceux qui n&rsquo;ont pas peur de quelques vagues ; la zone est toujours venteuse et la mer se pr\u00eate davantage au surf et au body surf qu&rsquo;aux longues baignades. Les plus populaires sont <em>Crane Beach<\/em> et <em>Bottom Bay<\/em>, cette derni\u00e8re \u00e9tant c\u00e9l\u00e8bre pour ses paysages de carte postale. Malheureusement, l&rsquo;int\u00e9rieur est peu attrayant : le paysage du quartier de <em>St Philip<\/em>, entre l&rsquo;a\u00e9roport et le phare de l&rsquo;<em>EastPoint<\/em>, est plut\u00f4t morne et n&rsquo;offre pas non plus beaucoup de possibilit\u00e9s d&rsquo;h\u00e9bergement et de divertissement en soir\u00e9e.\r\n\r\nLa partie orientale de<em> la Barbade<\/em> est probablement la plus belle r\u00e9gion de l&rsquo;\u00eele. Les contours doux du <em>Scotland District<\/em> forment la toile de fond d&rsquo;un littoral en grande partie sauvage et peu peupl\u00e9, caract\u00e9ris\u00e9 par une v\u00e9g\u00e9tation tropicale dense qui s&rsquo;approche de la mer.\r\n\r\n<div id=\"attachment_324\" style=\"width: 650px\" class=\"wp-caption aligncenter\"><img loading=\"lazy\" decoding=\"async\" aria-describedby=\"caption-attachment-324\" class=\"size-full wp-image-324\" src=\"https:\/\/barbadosinfo.it\/wp-content\/uploads\/2022\/03\/Bath-Barbados.jpg\" alt=\"Bath Barbados\" width=\"640\" height=\"426\" srcset=\"https:\/\/barbadosinfo.it\/wp-content\/uploads\/2022\/03\/Bath-Barbados.jpg 640w, https:\/\/barbadosinfo.it\/wp-content\/uploads\/2022\/03\/Bath-Barbados-300x200.jpg 300w, https:\/\/barbadosinfo.it\/wp-content\/uploads\/2022\/03\/Bath-Barbados-526x350.jpg 526w, https:\/\/barbadosinfo.it\/wp-content\/uploads\/2022\/03\/Bath-Barbados-150x100.jpg 150w\" sizes=\"auto, (max-width: 640px) 100vw, 640px\" \/><p id=\"caption-attachment-324\" class=\"wp-caption-text\">Bath beach Barbados Photo par <a href=\"https:\/\/www.facebook.com\/Il-Gatto-Viaggiatore-104501031660557\"> P.L. Paolini<\/a><\/p><\/div>\r\n\r\n<!-- \/wp:paragraph --><!-- wp:image {\"width\":569,\"height\":860} \/-->\r\n\r\n<!-- wp:paragraph -->\r\n\r\nL&rsquo;une apr\u00e8s l&rsquo;autre, on trouve de tr\u00e8s longues plages de sable corallien m\u00eal\u00e9 de galets, o\u00f9 il y a rarement \u00e2me qui vive. De nombreux panneaux indiquent que les courants sont forts dans cette zone et que la baignade n&rsquo;est donc pas recommand\u00e9e, mais il existe des baies plus prot\u00e9g\u00e9es qui offrent des possibilit\u00e9s inattendues. La plage de Bath, par exemple, est s\u00fbre pour la baignade ; longue et ombrag\u00e9e par un bosquet de filaos, c&rsquo;est l&rsquo;une des plages les plus populaires de la r\u00e9gion, m\u00eame pour les pique-niques du week-end. Un peu plus au sud, une autre plage abrit\u00e9e mais plus petite est la baie de Conset.\r\n\r\n<div id=\"attachment_325\" style=\"width: 650px\" class=\"wp-caption aligncenter\"><img loading=\"lazy\" decoding=\"async\" aria-describedby=\"caption-attachment-325\" class=\"wp-image-325 size-full\" title=\"Bathsheba Barbados\" src=\"https:\/\/barbadosinfo.it\/wp-content\/uploads\/2022\/03\/bathsheba4-Barbados.jpg\" alt=\"Bathsheba Barbados\" width=\"640\" height=\"427\" srcset=\"https:\/\/barbadosinfo.it\/wp-content\/uploads\/2022\/03\/bathsheba4-Barbados.jpg 640w, https:\/\/barbadosinfo.it\/wp-content\/uploads\/2022\/03\/bathsheba4-Barbados-300x200.jpg 300w, https:\/\/barbadosinfo.it\/wp-content\/uploads\/2022\/03\/bathsheba4-Barbados-525x350.jpg 525w, https:\/\/barbadosinfo.it\/wp-content\/uploads\/2022\/03\/bathsheba4-Barbados-150x100.jpg 150w\" sizes=\"auto, (max-width: 640px) 100vw, 640px\" \/><p id=\"caption-attachment-325\" class=\"wp-caption-text\">Bathsheba Barbados Photo par <a href=\"https:\/\/pixabay.com\/it\/users\/bigsyl-3397809\/?utm_source=link-attribution&amp;utm_medium=referral&amp;utm_campaign=image&amp;utm_content=4888192\">Sylvain Bigras<\/a> da <a href=\"https:\/\/pixabay.com\/it\/?utm_source=link-attribution&amp;utm_medium=referral&amp;utm_campaign=image&amp;utm_content=4888192\">Pixabay<\/a><\/p><\/div>\r\n\r\n<!-- \/wp:paragraph --><!-- wp:paragraph -->\r\n\r\nLa plage la plus photographi\u00e9e de tout <em>Barbabos<\/em> est <strong>Bathsheba<\/strong> et, il faut bien l&rsquo;admettre, elle est tr\u00e8s pittoresque avec ses rochers battus par les vagues. <em>Bathsheba<\/em> est la seule station touristique de toute la c\u00f4te atlantique, bien qu&rsquo;il lui manque une v\u00e9ritable ville. Les quelques installations de la r\u00e9gion, quelques h\u00f4tels et quelques <em>rum shop<\/em> qui servent \u00e9galement des plats chauds, sont dispers\u00e9es le long du front de mer. Paradis pour les surfeurs exp\u00e9riment\u00e9s, <em>Bathsheba<\/em> n&rsquo;est pas faite pour des vacances sous le parasol. On peut toutefois tenter un plongeon lorsque les vagues ne sont pas aussi fortes, ou rester immerg\u00e9 pendant des heures dans les piscines naturelles qui se forment entre les rochers. Ne rien faire, profiter du charme de cet endroit hors du commun. Et \u00e7a n&rsquo;a l&rsquo;air de rien ?\r\n\r\n&nbsp;\r\n<p style=\"text-align: right;\"><a href=\"https:\/\/barbadosinfo.it\/quando-andare\/\">QUAND ALLER \u25ba<\/a><\/p>\r\n<!-- \/wp:paragraph -->","protected":false},"excerpt":{"rendered":"<p>&nbsp; La Barbade, l&rsquo;un des pays les plus dens&eacute;ment peupl&eacute;s au monde, est une &icirc;le parfaitement &eacute;quip&eacute;e pour accueillir des masses de touristes. Les plages blanches et la mer turquoise sont une garantie. Mais ce n&rsquo;est qu&rsquo;un de ses visages. Pour quiconque souhaite s&rsquo;&eacute;loigner des zones les plus touristiques, la&#8230; <a class=\"continue-reading-link\" href=\"https:\/\/barbadosinfo.it\/fr\/pourquoi-aller\/\">Continue reading<\/a><\/p>\n","protected":false},"author":1,"featured_media":0,"parent":0,"menu_order":0,"comment_status":"closed","ping_status":"closed","template":"","meta":{"footnotes":""},"class_list":["post-10","page","type-page","status-publish","hentry"],"_links":{"self":[{"href":"https:\/\/barbadosinfo.it\/fr\/wp-json\/wp\/v2\/pages\/10","targetHints":{"allow":["GET"]}}],"collection":[{"href":"https:\/\/barbadosinfo.it\/fr\/wp-json\/wp\/v2\/pages"}],"about":[{"href":"https:\/\/barbadosinfo.it\/fr\/wp-json\/wp\/v2\/types\/page"}],"author":[{"embeddable":true,"href":"https:\/\/barbadosinfo.it\/fr\/wp-json\/wp\/v2\/users\/1"}],"replies":[{"embeddable":true,"href":"https:\/\/barbadosinfo.it\/fr\/wp-json\/wp\/v2\/comments?post=10"}],"version-history":[{"count":3,"href":"https:\/\/barbadosinfo.it\/fr\/wp-json\/wp\/v2\/pages\/10\/revisions"}],"predecessor-version":[{"id":619,"href":"https:\/\/barbadosinfo.it\/fr\/wp-json\/wp\/v2\/pages\/10\/revisions\/619"}],"wp:attachment":[{"href":"https:\/\/barbadosinfo.it\/fr\/wp-json\/wp\/v2\/media?parent=10"}],"curies":[{"name":"wp","href":"https:\/\/api.w.org\/{rel}","templated":true}]}}